
{"id":1842,"date":"2021-04-19T14:20:23","date_gmt":"2021-04-19T18:20:23","guid":{"rendered":"https:\/\/beecofriendly.org\/?page_id=1842"},"modified":"2021-09-23T10:55:33","modified_gmt":"2021-09-23T14:55:33","slug":"cuisine-anti-gaspillage","status":"publish","type":"page","link":"https:\/\/beecofriendly.org\/en\/zero-dechet\/recettes\/cuisine-anti-gaspillage\/","title":{"rendered":"Reduce food waste"},"content":{"rendered":"<div data-elementor-type=\"wp-page\" data-elementor-id=\"1842\" class=\"elementor elementor-1842\">\n\t\t\t\t\t\t<section class=\"elementor-section elementor-top-section elementor-element elementor-element-46d54ec elementor-section-boxed elementor-section-height-default elementor-section-height-default\" data-id=\"46d54ec\" data-element_type=\"section\">\n\t\t\t\t\t\t<div class=\"elementor-container elementor-column-gap-default\">\n\t\t\t\t\t<div class=\"elementor-column elementor-col-100 elementor-top-column elementor-element elementor-element-5bcf98b\" data-id=\"5bcf98b\" data-element_type=\"column\">\n\t\t\t<div class=\"elementor-widget-wrap elementor-element-populated\">\n\t\t\t\t\t\t<div class=\"elementor-element elementor-element-1d16310 elementor-widget elementor-widget-spacer\" data-id=\"1d16310\" data-element_type=\"widget\" data-widget_type=\"spacer.default\">\n\t\t\t\t<div class=\"elementor-widget-container\">\n\t\t\t\t\t\t\t<div class=\"elementor-spacer\">\n\t\t\t<div class=\"elementor-spacer-inner\"><\/div>\n\t\t<\/div>\n\t\t\t\t\t\t<\/div>\n\t\t\t\t<\/div>\n\t\t\t\t<div class=\"elementor-element elementor-element-0891c21 elementor-grid-eael-col-3 elementor-grid-tablet-eael-col-2 elementor-grid-mobile-eael-col-1 elementor-widget elementor-widget-eael-post-grid\" data-id=\"0891c21\" data-element_type=\"widget\" data-settings=\"{&quot;eael_post_grid_columns&quot;:&quot;eael-col-3&quot;,&quot;eael_post_grid_columns_tablet&quot;:&quot;eael-col-2&quot;,&quot;eael_post_grid_columns_mobile&quot;:&quot;eael-col-1&quot;}\" data-widget_type=\"eael-post-grid.default\">\n\t\t\t\t<div class=\"elementor-widget-container\">\n\t\t\t\t\t<div id=\"eael-post-grid-0891c21\" class=\"eael-post-grid-container\">\n            <div class=\"eael-post-grid eael-post-appender eael-post-appender-0891c21 eael-post-grid-style-one\" data-layout-mode=\"grid\"><article class=\"eael-grid-post eael-post-grid-column\" data-id=\"2405\">\n        <div class=\"eael-grid-post-holder\">\n            <div class=\"eael-grid-post-holder-inner\"><div class=\"eael-entry-media\"><div class=\"eael-entry-overlay fade-in\"><i class=\"fas fa-long-arrow-alt-right\" aria-hidden=\"true\"><\/i><a href=\"https:\/\/beecofriendly.org\/en\/le-bouillon-aux-epluchures-de-legumes\/\"><\/a><\/div><div class=\"eael-entry-thumbnail\">\n                <img fetchpriority=\"high\" decoding=\"async\" width=\"481\" height=\"531\" src=\"https:\/\/beecofriendly.org\/wp-content\/uploads\/2021\/05\/bouillon4.png\" class=\"attachment-medium_large size-medium_large wp-image-2403\" alt=\"\" srcset=\"https:\/\/beecofriendly.org\/wp-content\/uploads\/2021\/05\/bouillon4.png 481w, https:\/\/beecofriendly.org\/wp-content\/uploads\/2021\/05\/bouillon4-272x300.png 272w, https:\/\/beecofriendly.org\/wp-content\/uploads\/2021\/05\/bouillon4-136x150.png 136w, https:\/\/beecofriendly.org\/wp-content\/uploads\/2021\/05\/bouillon4-11x12.png 11w\" sizes=\"(max-width: 481px) 100vw, 481px\" \/>\n            <\/div>\n        <\/div><div class=\"eael-entry-wrapper\"><header class=\"eael-entry-header\"><h2 class=\"eael-entry-title\"><a class=\"eael-grid-post-link\" href=\"https:\/\/beecofriendly.org\/en\/le-bouillon-aux-epluchures-de-legumes\/\" title=\"Vegetable peel broth\">Vegetable peel broth<\/a><\/h2><\/header><div class=\"eael-entry-content\">\n                        <div class=\"eael-grid-post-excerpt\"><p>Have you taken a closer look at the composition of the ready-made broths\u2026 Palm fat, thickeners, xanthan gum, maltodextrin\u2026<\/p><a href=\"https:\/\/beecofriendly.org\/en\/le-bouillon-aux-epluchures-de-legumes\/\" class=\"eael-post-elements-readmore-btn\">Read more<\/a><\/div>\n                    <\/div><\/div><\/div>\n        <\/div>\n    <\/article><article class=\"eael-grid-post eael-post-grid-column\" data-id=\"1775\">\n        <div class=\"eael-grid-post-holder\">\n            <div class=\"eael-grid-post-holder-inner\"><div class=\"eael-entry-media\"><div class=\"eael-entry-overlay fade-in\"><i class=\"fas fa-long-arrow-alt-right\" aria-hidden=\"true\"><\/i><a href=\"https:\/\/beecofriendly.org\/en\/brownie-a-laquafa-et-pepites-de-chocolat\/\"><\/a><\/div><div class=\"eael-entry-thumbnail\">\n                <img decoding=\"async\" width=\"768\" height=\"1024\" src=\"https:\/\/beecofriendly.org\/wp-content\/uploads\/2021\/04\/PXL_20210414_214046501.PORTRAIT-768x1024.jpg\" class=\"attachment-medium_large size-medium_large wp-image-1780\" alt=\"\" srcset=\"https:\/\/beecofriendly.org\/wp-content\/uploads\/2021\/04\/PXL_20210414_214046501.PORTRAIT-768x1024.jpg 768w, https:\/\/beecofriendly.org\/wp-content\/uploads\/2021\/04\/PXL_20210414_214046501.PORTRAIT-225x300.jpg 225w, https:\/\/beecofriendly.org\/wp-content\/uploads\/2021\/04\/PXL_20210414_214046501.PORTRAIT-113x150.jpg 113w, https:\/\/beecofriendly.org\/wp-content\/uploads\/2021\/04\/PXL_20210414_214046501.PORTRAIT-1152x1536.jpg 1152w, https:\/\/beecofriendly.org\/wp-content\/uploads\/2021\/04\/PXL_20210414_214046501.PORTRAIT-1536x2048.jpg 1536w, https:\/\/beecofriendly.org\/wp-content\/uploads\/2021\/04\/PXL_20210414_214046501.PORTRAIT-scaled.jpg 1920w\" sizes=\"(max-width: 768px) 100vw, 768px\" \/>\n            <\/div>\n        <\/div><div class=\"eael-entry-wrapper\"><header class=\"eael-entry-header\"><h2 class=\"eael-entry-title\"><a class=\"eael-grid-post-link\" href=\"https:\/\/beecofriendly.org\/en\/brownie-a-laquafa-et-pepites-de-chocolat\/\" title=\"Chocolate brownies with aquafaba\">Chocolate brownies with aquafaba<\/a><\/h2><\/header><div class=\"eael-entry-content\">\n                        <div class=\"eael-grid-post-excerpt\"><p>fudgy Chickpea Brownies complete with a decadent chocolate centre and the perfect crackly top | Gluten Free + Vegan<\/p><a href=\"https:\/\/beecofriendly.org\/en\/brownie-a-laquafa-et-pepites-de-chocolat\/\" class=\"eael-post-elements-readmore-btn\">Read more<\/a><\/div>\n                    <\/div><\/div><\/div>\n        <\/div>\n    <\/article><\/div>\n            <div class=\"clearfix\"><\/div>\n        <\/div>\t\t\t\t<\/div>\n\t\t\t\t<\/div>\n\t\t\t\t<div class=\"elementor-element elementor-element-70a98d0 elementor-widget elementor-widget-spacer\" data-id=\"70a98d0\" data-element_type=\"widget\" data-widget_type=\"spacer.default\">\n\t\t\t\t<div class=\"elementor-widget-container\">\n\t\t\t\t\t\t\t<div class=\"elementor-spacer\">\n\t\t\t<div class=\"elementor-spacer-inner\"><\/div>\n\t\t<\/div>\n\t\t\t\t\t\t<\/div>\n\t\t\t\t<\/div>\n\t\t\t\t\t<\/div>\n\t\t<\/div>\n\t\t\t\t\t<\/div>\n\t\t<\/section>\n\t\t\t\t<\/div>","protected":false},"excerpt":{"rendered":"<p>Le bouillon aux \u00e9pluchures de l\u00e9gumes Avez-vous regard\u00e9 de plus pr\u00eat la composition des bouillons tout pr\u00eats\u2026 Graisse de palme, \u00e9paississants, gomme xanthane, maltodextrine\u2026 Beaucoup de&#8230; Lire plus Brownies \u00e0 l&rsquo;aquafaba et p\u00e9pites de chocolat Des brownies fondants avec un centre de chocolat d\u00e9cadent et le dessus craquel\u00e9 parfait | Sans gluten + v\u00e9g\u00e9talien Lire [&hellip;]<\/p>","protected":false},"author":2,"featured_media":0,"parent":1830,"menu_order":0,"comment_status":"closed","ping_status":"closed","template":"","meta":{"wprm-recipe-roundup-name":"","wprm-recipe-roundup-description":"","ocean_post_layout":"full-screen","ocean_both_sidebars_style":"","ocean_both_sidebars_content_width":0,"ocean_both_sidebars_sidebars_width":0,"ocean_sidebar":"0","ocean_second_sidebar":"0","ocean_disable_margins":"enable","ocean_add_body_class":"","ocean_shortcode_before_top_bar":"","ocean_shortcode_after_top_bar":"","ocean_shortcode_before_header":"","ocean_shortcode_after_header":"","ocean_has_shortcode":"","ocean_shortcode_after_title":"","ocean_shortcode_before_footer_widgets":"","ocean_shortcode_after_footer_widgets":"","ocean_shortcode_before_footer_bottom":"","ocean_shortcode_after_footer_bottom":"","ocean_display_top_bar":"default","ocean_display_header":"default","ocean_header_style":"","ocean_center_header_left_menu":"0","ocean_custom_header_template":"0","ocean_custom_logo":0,"ocean_custom_retina_logo":0,"ocean_custom_logo_max_width":0,"ocean_custom_logo_tablet_max_width":0,"ocean_custom_logo_mobile_max_width":0,"ocean_custom_logo_max_height":0,"ocean_custom_logo_tablet_max_height":0,"ocean_custom_logo_mobile_max_height":0,"ocean_header_custom_menu":"0","ocean_menu_typo_font_family":"0","ocean_menu_typo_font_subset":"","ocean_menu_typo_font_size":0,"ocean_menu_typo_font_size_tablet":0,"ocean_menu_typo_font_size_mobile":0,"ocean_menu_typo_font_size_unit":"px","ocean_menu_typo_font_weight":"","ocean_menu_typo_font_weight_tablet":"","ocean_menu_typo_font_weight_mobile":"","ocean_menu_typo_transform":"","ocean_menu_typo_transform_tablet":"","ocean_menu_typo_transform_mobile":"","ocean_menu_typo_line_height":0,"ocean_menu_typo_line_height_tablet":0,"ocean_menu_typo_line_height_mobile":0,"ocean_menu_typo_line_height_unit":"","ocean_menu_typo_spacing":0,"ocean_menu_typo_spacing_tablet":0,"ocean_menu_typo_spacing_mobile":0,"ocean_menu_typo_spacing_unit":"","ocean_menu_link_color":"","ocean_menu_link_color_hover":"","ocean_menu_link_color_active":"","ocean_menu_link_background":"","ocean_menu_link_hover_background":"","ocean_menu_link_active_background":"","ocean_menu_social_links_bg":"","ocean_menu_social_hover_links_bg":"","ocean_menu_social_links_color":"","ocean_menu_social_hover_links_color":"","ocean_disable_title":"default","ocean_disable_heading":"default","ocean_post_title":"","ocean_post_subheading":"","ocean_post_title_style":"","ocean_post_title_background_color":"","ocean_post_title_background":0,"ocean_post_title_bg_image_position":"","ocean_post_title_bg_image_attachment":"","ocean_post_title_bg_image_repeat":"","ocean_post_title_bg_image_size":"","ocean_post_title_height":0,"ocean_post_title_bg_overlay":0.5,"ocean_post_title_bg_overlay_color":"","ocean_disable_breadcrumbs":"default","ocean_breadcrumbs_color":"","ocean_breadcrumbs_separator_color":"","ocean_breadcrumbs_links_color":"","ocean_breadcrumbs_links_hover_color":"","ocean_display_footer_widgets":"default","ocean_display_footer_bottom":"default","ocean_custom_footer_template":"0","footnotes":""},"class_list":["post-1842","page","type-page","status-publish","hentry","entry","has-media"],"_links":{"self":[{"href":"https:\/\/beecofriendly.org\/en\/wp-json\/wp\/v2\/pages\/1842","targetHints":{"allow":["GET"]}}],"collection":[{"href":"https:\/\/beecofriendly.org\/en\/wp-json\/wp\/v2\/pages"}],"about":[{"href":"https:\/\/beecofriendly.org\/en\/wp-json\/wp\/v2\/types\/page"}],"author":[{"embeddable":true,"href":"https:\/\/beecofriendly.org\/en\/wp-json\/wp\/v2\/users\/2"}],"replies":[{"embeddable":true,"href":"https:\/\/beecofriendly.org\/en\/wp-json\/wp\/v2\/comments?post=1842"}],"version-history":[{"count":53,"href":"https:\/\/beecofriendly.org\/en\/wp-json\/wp\/v2\/pages\/1842\/revisions"}],"predecessor-version":[{"id":2628,"href":"https:\/\/beecofriendly.org\/en\/wp-json\/wp\/v2\/pages\/1842\/revisions\/2628"}],"up":[{"embeddable":true,"href":"https:\/\/beecofriendly.org\/en\/wp-json\/wp\/v2\/pages\/1830"}],"wp:attachment":[{"href":"https:\/\/beecofriendly.org\/en\/wp-json\/wp\/v2\/media?parent=1842"}],"curies":[{"name":"wp","href":"https:\/\/api.w.org\/{rel}","templated":true}]}}