
{"id":1838,"date":"2021-04-19T14:19:36","date_gmt":"2021-04-19T18:19:36","guid":{"rendered":"https:\/\/beecofriendly.org\/?page_id=1838"},"modified":"2022-02-03T10:38:49","modified_gmt":"2022-02-03T15:38:49","slug":"soins-et-cosmetiques","status":"publish","type":"page","link":"https:\/\/beecofriendly.org\/en\/zero-dechet\/recettes\/soins-et-cosmetiques\/","title":{"rendered":"Skincare and cosmetics"},"content":{"rendered":"<div data-elementor-type=\"wp-page\" data-elementor-id=\"1838\" class=\"elementor elementor-1838\">\n\t\t\t\t\t\t<section class=\"elementor-section elementor-top-section elementor-element elementor-element-c763a3f elementor-section-boxed elementor-section-height-default elementor-section-height-default\" data-id=\"c763a3f\" data-element_type=\"section\">\n\t\t\t\t\t\t<div class=\"elementor-container elementor-column-gap-default\">\n\t\t\t\t\t<div class=\"elementor-column elementor-col-100 elementor-top-column elementor-element elementor-element-fcc549a\" data-id=\"fcc549a\" data-element_type=\"column\">\n\t\t\t<div class=\"elementor-widget-wrap elementor-element-populated\">\n\t\t\t\t\t\t<div class=\"elementor-element elementor-element-1f59413 elementor-grid-eael-col-2 elementor-grid-tablet-eael-col-2 elementor-grid-mobile-eael-col-1 elementor-widget elementor-widget-eael-post-grid\" data-id=\"1f59413\" data-element_type=\"widget\" data-settings=\"{&quot;eael_post_grid_columns&quot;:&quot;eael-col-2&quot;,&quot;eael_post_grid_columns_tablet&quot;:&quot;eael-col-2&quot;,&quot;eael_post_grid_columns_mobile&quot;:&quot;eael-col-1&quot;}\" data-widget_type=\"eael-post-grid.default\">\n\t\t\t\t<div class=\"elementor-widget-container\">\n\t\t\t\t\t<div id=\"eael-post-grid-1f59413\" class=\"eael-post-grid-container\">\n            <div class=\"eael-post-grid eael-post-appender eael-post-appender-1f59413 eael-post-grid-style-one\" data-layout-mode=\"grid\"><article class=\"eael-grid-post eael-post-grid-column\" data-id=\"2107\">\n        <div class=\"eael-grid-post-holder\">\n            <div class=\"eael-grid-post-holder-inner\"><div class=\"eael-entry-media\"><div class=\"eael-entry-overlay fade-in\"><i class=\"fas fa-long-arrow-alt-right\" aria-hidden=\"true\"><\/i><a href=\"https:\/\/beecofriendly.org\/en\/serum-hydratant-a-laloes-vera\/\"><\/a><\/div><div class=\"eael-entry-thumbnail\">\n                <img fetchpriority=\"high\" decoding=\"async\" width=\"768\" height=\"576\" src=\"https:\/\/beecofriendly.org\/wp-content\/uploads\/2021\/04\/PXL_20210429_135846183.PORTRAIT2-768x576.jpg\" class=\"attachment-medium_large size-medium_large wp-image-2070\" alt=\"\" srcset=\"https:\/\/beecofriendly.org\/wp-content\/uploads\/2021\/04\/PXL_20210429_135846183.PORTRAIT2-768x576.jpg 768w, https:\/\/beecofriendly.org\/wp-content\/uploads\/2021\/04\/PXL_20210429_135846183.PORTRAIT2-300x225.jpg 300w, https:\/\/beecofriendly.org\/wp-content\/uploads\/2021\/04\/PXL_20210429_135846183.PORTRAIT2-1024x768.jpg 1024w, https:\/\/beecofriendly.org\/wp-content\/uploads\/2021\/04\/PXL_20210429_135846183.PORTRAIT2-150x113.jpg 150w, https:\/\/beecofriendly.org\/wp-content\/uploads\/2021\/04\/PXL_20210429_135846183.PORTRAIT2-1536x1152.jpg 1536w, https:\/\/beecofriendly.org\/wp-content\/uploads\/2021\/04\/PXL_20210429_135846183.PORTRAIT2-2048x1536.jpg 2048w, https:\/\/beecofriendly.org\/wp-content\/uploads\/2021\/04\/PXL_20210429_135846183.PORTRAIT2-16x12.jpg 16w, https:\/\/beecofriendly.org\/wp-content\/uploads\/2021\/04\/PXL_20210429_135846183.PORTRAIT2-500x375.jpg 500w\" sizes=\"(max-width: 768px) 100vw, 768px\" \/>\n            <\/div>\n        <\/div><div class=\"eael-entry-wrapper\"><header class=\"eael-entry-header\"><h2 class=\"eael-entry-title\"><a class=\"eael-grid-post-link\" href=\"https:\/\/beecofriendly.org\/en\/serum-hydratant-a-laloes-vera\/\" title=\"S\u00e9rum hydratant \u00e0 l&rsquo;aloes vera\">Aloe vera serum<\/a><\/h2><\/header><div class=\"eael-entry-content\">\n                        <div class=\"eael-grid-post-excerpt\"><p>The serum, sometimes called an elixir, helps to heal the skin in depth. It is applied to cleansed, makeup-free skin.<\/p><a href=\"https:\/\/beecofriendly.org\/en\/serum-hydratant-a-laloes-vera\/\" class=\"eael-post-elements-readmore-btn\">Read more<\/a><\/div>\n                    <\/div><\/div><\/div>\n        <\/div>\n    <\/article><article class=\"eael-grid-post eael-post-grid-column\" data-id=\"2078\">\n        <div class=\"eael-grid-post-holder\">\n            <div class=\"eael-grid-post-holder-inner\"><div class=\"eael-entry-media\"><div class=\"eael-entry-overlay fade-in\"><i class=\"fas fa-long-arrow-alt-right\" aria-hidden=\"true\"><\/i><a href=\"https:\/\/beecofriendly.org\/en\/exfoliant-naturel-au-miel\/\"><\/a><\/div><div class=\"eael-entry-thumbnail\">\n                <img decoding=\"async\" width=\"768\" height=\"573\" src=\"https:\/\/beecofriendly.org\/wp-content\/uploads\/2021\/04\/PXL_20210429_134351420.PORTRAIT2-768x573.jpg\" class=\"attachment-medium_large size-medium_large wp-image-2079\" alt=\"\" srcset=\"https:\/\/beecofriendly.org\/wp-content\/uploads\/2021\/04\/PXL_20210429_134351420.PORTRAIT2-768x573.jpg 768w, https:\/\/beecofriendly.org\/wp-content\/uploads\/2021\/04\/PXL_20210429_134351420.PORTRAIT2-300x224.jpg 300w, https:\/\/beecofriendly.org\/wp-content\/uploads\/2021\/04\/PXL_20210429_134351420.PORTRAIT2-1024x764.jpg 1024w, https:\/\/beecofriendly.org\/wp-content\/uploads\/2021\/04\/PXL_20210429_134351420.PORTRAIT2-150x112.jpg 150w, https:\/\/beecofriendly.org\/wp-content\/uploads\/2021\/04\/PXL_20210429_134351420.PORTRAIT2-1536x1146.jpg 1536w, https:\/\/beecofriendly.org\/wp-content\/uploads\/2021\/04\/PXL_20210429_134351420.PORTRAIT2-2048x1528.jpg 2048w, https:\/\/beecofriendly.org\/wp-content\/uploads\/2021\/04\/PXL_20210429_134351420.PORTRAIT2-16x12.jpg 16w\" sizes=\"(max-width: 768px) 100vw, 768px\" \/>\n            <\/div>\n        <\/div><div class=\"eael-entry-wrapper\"><header class=\"eael-entry-header\"><h2 class=\"eael-entry-title\"><a class=\"eael-grid-post-link\" href=\"https:\/\/beecofriendly.org\/en\/exfoliant-naturel-au-miel\/\" title=\"Natural honey exfoliant\">Natural honey exfoliant<\/a><\/h2><\/header><div class=\"eael-entry-content\">\n                        <div class=\"eael-grid-post-excerpt\"><p>The exfoliation is a treatment that eliminates dead cells present on the surface of the skin. It tightens ...<\/p><a href=\"https:\/\/beecofriendly.org\/en\/exfoliant-naturel-au-miel\/\" class=\"eael-post-elements-readmore-btn\">Read more<\/a><\/div>\n                    <\/div><\/div><\/div>\n        <\/div>\n    <\/article><article class=\"eael-grid-post eael-post-grid-column\" data-id=\"2099\">\n        <div class=\"eael-grid-post-holder\">\n            <div class=\"eael-grid-post-holder-inner\"><div class=\"eael-entry-media\"><div class=\"eael-entry-overlay fade-in\"><i class=\"fas fa-long-arrow-alt-right\" aria-hidden=\"true\"><\/i><a href=\"https:\/\/beecofriendly.org\/en\/gel-daloes-vera\/\"><\/a><\/div><div class=\"eael-entry-thumbnail\">\n                <img decoding=\"async\" width=\"768\" height=\"512\" src=\"https:\/\/beecofriendly.org\/wp-content\/uploads\/2021\/04\/aloe-2163120_1920-768x512.jpg\" class=\"attachment-medium_large size-medium_large wp-image-2073\" alt=\"\" srcset=\"https:\/\/beecofriendly.org\/wp-content\/uploads\/2021\/04\/aloe-2163120_1920-768x512.jpg 768w, https:\/\/beecofriendly.org\/wp-content\/uploads\/2021\/04\/aloe-2163120_1920-300x200.jpg 300w, https:\/\/beecofriendly.org\/wp-content\/uploads\/2021\/04\/aloe-2163120_1920-1024x683.jpg 1024w, https:\/\/beecofriendly.org\/wp-content\/uploads\/2021\/04\/aloe-2163120_1920-150x100.jpg 150w, https:\/\/beecofriendly.org\/wp-content\/uploads\/2021\/04\/aloe-2163120_1920-1536x1024.jpg 1536w, https:\/\/beecofriendly.org\/wp-content\/uploads\/2021\/04\/aloe-2163120_1920-16x12.jpg 16w, https:\/\/beecofriendly.org\/wp-content\/uploads\/2021\/04\/aloe-2163120_1920.jpg 1920w\" sizes=\"(max-width: 768px) 100vw, 768px\" \/>\n            <\/div>\n        <\/div><div class=\"eael-entry-wrapper\"><header class=\"eael-entry-header\"><h2 class=\"eael-entry-title\"><a class=\"eael-grid-post-link\" href=\"https:\/\/beecofriendly.org\/en\/gel-daloes-vera\/\" title=\"Gel d&rsquo;Aloes vera\">Aloe vera gel<\/a><\/h2><\/header><div class=\"eael-entry-content\">\n                        <div class=\"eael-grid-post-excerpt\"><p>Aloe vera gel is an essential ingredient in your beauty treatments. Its multiple active properties make it an ally of ...<\/p><a href=\"https:\/\/beecofriendly.org\/en\/gel-daloes-vera\/\" class=\"eael-post-elements-readmore-btn\">Read more<\/a><\/div>\n                    <\/div><\/div><\/div>\n        <\/div>\n    <\/article><\/div>\n            <div class=\"clearfix\"><\/div>\n        <\/div>\t\t\t\t<\/div>\n\t\t\t\t<\/div>\n\t\t\t\t\t<\/div>\n\t\t<\/div>\n\t\t\t\t\t<\/div>\n\t\t<\/section>\n\t\t\t\t<\/div>","protected":false},"excerpt":{"rendered":"<p>S\u00e9rum hydratant \u00e0 l&rsquo;aloes vera Le s\u00e9rum, parfois appel\u00e9 \u00e9lixir, permet de soigner la peau en profondeur. Il s\u2019applique sur une peau d\u00e9maquill\u00e9e et nettoy\u00e9e. Lire plus Exfoliant naturel au miel Le gommage est un soin qui permet d\u2019\u00e9liminer les cellules mortes pr\u00e9sentes \u00e0 la surface de la peau. Il resserre&#8230; Lire plus Gel d&rsquo;Aloes [&hellip;]<\/p>","protected":false},"author":2,"featured_media":0,"parent":1830,"menu_order":0,"comment_status":"closed","ping_status":"closed","template":"","meta":{"wprm-recipe-roundup-name":"","wprm-recipe-roundup-description":"","ocean_post_layout":"full-screen","ocean_both_sidebars_style":"","ocean_both_sidebars_content_width":0,"ocean_both_sidebars_sidebars_width":0,"ocean_sidebar":"0","ocean_second_sidebar":"0","ocean_disable_margins":"enable","ocean_add_body_class":"","ocean_shortcode_before_top_bar":"","ocean_shortcode_after_top_bar":"","ocean_shortcode_before_header":"","ocean_shortcode_after_header":"","ocean_has_shortcode":"","ocean_shortcode_after_title":"","ocean_shortcode_before_footer_widgets":"","ocean_shortcode_after_footer_widgets":"","ocean_shortcode_before_footer_bottom":"","ocean_shortcode_after_footer_bottom":"","ocean_display_top_bar":"default","ocean_display_header":"default","ocean_header_style":"","ocean_center_header_left_menu":"0","ocean_custom_header_template":"0","ocean_custom_logo":0,"ocean_custom_retina_logo":0,"ocean_custom_logo_max_width":0,"ocean_custom_logo_tablet_max_width":0,"ocean_custom_logo_mobile_max_width":0,"ocean_custom_logo_max_height":0,"ocean_custom_logo_tablet_max_height":0,"ocean_custom_logo_mobile_max_height":0,"ocean_header_custom_menu":"0","ocean_menu_typo_font_family":"0","ocean_menu_typo_font_subset":"","ocean_menu_typo_font_size":0,"ocean_menu_typo_font_size_tablet":0,"ocean_menu_typo_font_size_mobile":0,"ocean_menu_typo_font_size_unit":"px","ocean_menu_typo_font_weight":"","ocean_menu_typo_font_weight_tablet":"","ocean_menu_typo_font_weight_mobile":"","ocean_menu_typo_transform":"","ocean_menu_typo_transform_tablet":"","ocean_menu_typo_transform_mobile":"","ocean_menu_typo_line_height":0,"ocean_menu_typo_line_height_tablet":0,"ocean_menu_typo_line_height_mobile":0,"ocean_menu_typo_line_height_unit":"","ocean_menu_typo_spacing":0,"ocean_menu_typo_spacing_tablet":0,"ocean_menu_typo_spacing_mobile":0,"ocean_menu_typo_spacing_unit":"","ocean_menu_link_color":"","ocean_menu_link_color_hover":"","ocean_menu_link_color_active":"","ocean_menu_link_background":"","ocean_menu_link_hover_background":"","ocean_menu_link_active_background":"","ocean_menu_social_links_bg":"","ocean_menu_social_hover_links_bg":"","ocean_menu_social_links_color":"","ocean_menu_social_hover_links_color":"","ocean_disable_title":"default","ocean_disable_heading":"default","ocean_post_title":"","ocean_post_subheading":"","ocean_post_title_style":"","ocean_post_title_background_color":"","ocean_post_title_background":0,"ocean_post_title_bg_image_position":"","ocean_post_title_bg_image_attachment":"","ocean_post_title_bg_image_repeat":"","ocean_post_title_bg_image_size":"","ocean_post_title_height":0,"ocean_post_title_bg_overlay":0.5,"ocean_post_title_bg_overlay_color":"","ocean_disable_breadcrumbs":"default","ocean_breadcrumbs_color":"","ocean_breadcrumbs_separator_color":"","ocean_breadcrumbs_links_color":"","ocean_breadcrumbs_links_hover_color":"","ocean_display_footer_widgets":"default","ocean_display_footer_bottom":"default","ocean_custom_footer_template":"0","footnotes":""},"class_list":["post-1838","page","type-page","status-publish","hentry","entry","has-media"],"_links":{"self":[{"href":"https:\/\/beecofriendly.org\/en\/wp-json\/wp\/v2\/pages\/1838","targetHints":{"allow":["GET"]}}],"collection":[{"href":"https:\/\/beecofriendly.org\/en\/wp-json\/wp\/v2\/pages"}],"about":[{"href":"https:\/\/beecofriendly.org\/en\/wp-json\/wp\/v2\/types\/page"}],"author":[{"embeddable":true,"href":"https:\/\/beecofriendly.org\/en\/wp-json\/wp\/v2\/users\/2"}],"replies":[{"embeddable":true,"href":"https:\/\/beecofriendly.org\/en\/wp-json\/wp\/v2\/comments?post=1838"}],"version-history":[{"count":23,"href":"https:\/\/beecofriendly.org\/en\/wp-json\/wp\/v2\/pages\/1838\/revisions"}],"predecessor-version":[{"id":2661,"href":"https:\/\/beecofriendly.org\/en\/wp-json\/wp\/v2\/pages\/1838\/revisions\/2661"}],"up":[{"embeddable":true,"href":"https:\/\/beecofriendly.org\/en\/wp-json\/wp\/v2\/pages\/1830"}],"wp:attachment":[{"href":"https:\/\/beecofriendly.org\/en\/wp-json\/wp\/v2\/media?parent=1838"}],"curies":[{"name":"wp","href":"https:\/\/api.w.org\/{rel}","templated":true}]}}