
{"id":1833,"date":"2021-04-19T14:16:09","date_gmt":"2021-04-19T18:16:09","guid":{"rendered":"https:\/\/beecofriendly.org\/?page_id=1833"},"modified":"2022-03-29T11:33:24","modified_gmt":"2022-03-29T15:33:24","slug":"astuces","status":"publish","type":"page","link":"https:\/\/beecofriendly.org\/en\/zero-dechet\/astuces\/","title":{"rendered":"Tips"},"content":{"rendered":"<div data-elementor-type=\"wp-page\" data-elementor-id=\"1833\" class=\"elementor elementor-1833\">\n\t\t\t\t\t\t<section class=\"elementor-section elementor-top-section elementor-element elementor-element-f86243e elementor-section-boxed elementor-section-height-default elementor-section-height-default\" data-id=\"f86243e\" data-element_type=\"section\">\n\t\t\t\t\t\t<div class=\"elementor-container elementor-column-gap-default\">\n\t\t\t\t\t<div class=\"elementor-column elementor-col-100 elementor-top-column elementor-element elementor-element-cd60b28\" data-id=\"cd60b28\" data-element_type=\"column\">\n\t\t\t<div class=\"elementor-widget-wrap elementor-element-populated\">\n\t\t\t\t\t\t<div class=\"elementor-element elementor-element-ff6a72c elementor-grid-eael-col-2 elementor-grid-tablet-eael-col-2 elementor-grid-mobile-eael-col-1 elementor-widget elementor-widget-eael-post-grid\" data-id=\"ff6a72c\" data-element_type=\"widget\" data-settings=\"{&quot;eael_post_grid_columns&quot;:&quot;eael-col-2&quot;,&quot;eael_post_grid_columns_tablet&quot;:&quot;eael-col-2&quot;,&quot;eael_post_grid_columns_mobile&quot;:&quot;eael-col-1&quot;}\" data-widget_type=\"eael-post-grid.default\">\n\t\t\t\t<div class=\"elementor-widget-container\">\n\t\t\t\t\t<div id=\"eael-post-grid-ff6a72c\" class=\"eael-post-grid-container\">\n            <div class=\"eael-post-grid eael-post-appender eael-post-appender-ff6a72c eael-post-grid-style-one\" data-layout-mode=\"grid\"><article class=\"eael-grid-post eael-post-grid-column\" data-id=\"3544\">\n        <div class=\"eael-grid-post-holder\">\n            <div class=\"eael-grid-post-holder-inner\"><div class=\"eael-entry-media\"><div class=\"eael-entry-overlay fade-in\"><i class=\"fas fa-long-arrow-alt-right\" aria-hidden=\"true\"><\/i><a href=\"https:\/\/beecofriendly.org\/en\/calendrier-des-fruits-et-legumes-de-saison\/\"><\/a><\/div><div class=\"eael-entry-thumbnail\">\n                <img fetchpriority=\"high\" decoding=\"async\" width=\"768\" height=\"507\" src=\"https:\/\/beecofriendly.org\/wp-content\/uploads\/2022\/03\/vegetables-g00343572b_1920-768x507.jpg\" class=\"attachment-medium_large size-medium_large wp-image-3547\" alt=\"Fruits et l\u00e9gumes de saison\" srcset=\"https:\/\/beecofriendly.org\/wp-content\/uploads\/2022\/03\/vegetables-g00343572b_1920-768x507.jpg 768w, https:\/\/beecofriendly.org\/wp-content\/uploads\/2022\/03\/vegetables-g00343572b_1920-300x198.jpg 300w, https:\/\/beecofriendly.org\/wp-content\/uploads\/2022\/03\/vegetables-g00343572b_1920-1024x676.jpg 1024w, https:\/\/beecofriendly.org\/wp-content\/uploads\/2022\/03\/vegetables-g00343572b_1920-150x99.jpg 150w, https:\/\/beecofriendly.org\/wp-content\/uploads\/2022\/03\/vegetables-g00343572b_1920-1536x1014.jpg 1536w, https:\/\/beecofriendly.org\/wp-content\/uploads\/2022\/03\/vegetables-g00343572b_1920-18x12.jpg 18w, https:\/\/beecofriendly.org\/wp-content\/uploads\/2022\/03\/vegetables-g00343572b_1920.jpg 1920w\" sizes=\"(max-width: 768px) 100vw, 768px\" \/>\n            <\/div>\n        <\/div><div class=\"eael-entry-wrapper\"><header class=\"eael-entry-header\"><h2 class=\"eael-entry-title\"><a class=\"eael-grid-post-link\" href=\"https:\/\/beecofriendly.org\/en\/calendrier-des-fruits-et-legumes-de-saison\/\" title=\"Seasonal Fruits et vegetables calendar\">Seasonal Fruits et vegetables calendar<\/a><\/h2><\/header><div class=\"eael-entry-content\">\n                        <div class=\"eael-grid-post-excerpt\"><p>Because eating quality products also means respecting seasonality.<\/p><a href=\"https:\/\/beecofriendly.org\/en\/calendrier-des-fruits-et-legumes-de-saison\/\" class=\"eael-post-elements-readmore-btn\">Read more<\/a><\/div>\n                    <\/div><\/div><\/div>\n        <\/div>\n    <\/article><article class=\"eael-grid-post eael-post-grid-column\" data-id=\"2516\">\n        <div class=\"eael-grid-post-holder\">\n            <div class=\"eael-grid-post-holder-inner\"><div class=\"eael-entry-media\"><div class=\"eael-entry-overlay fade-in\"><i class=\"fas fa-long-arrow-alt-right\" aria-hidden=\"true\"><\/i><a href=\"https:\/\/beecofriendly.org\/en\/vegetarian-spinach-and-mushroom-lasagna\/\"><\/a><\/div><div class=\"eael-entry-thumbnail\">\n                <img decoding=\"async\" width=\"768\" height=\"512\" src=\"https:\/\/beecofriendly.org\/wp-content\/uploads\/2021\/07\/plat-vegan-768x512.jpg\" class=\"attachment-medium_large size-medium_large wp-image-2517\" alt=\"\" srcset=\"https:\/\/beecofriendly.org\/wp-content\/uploads\/2021\/07\/plat-vegan-768x512.jpg 768w, https:\/\/beecofriendly.org\/wp-content\/uploads\/2021\/07\/plat-vegan-300x200.jpg 300w, https:\/\/beecofriendly.org\/wp-content\/uploads\/2021\/07\/plat-vegan-1024x683.jpg 1024w, https:\/\/beecofriendly.org\/wp-content\/uploads\/2021\/07\/plat-vegan-150x100.jpg 150w, https:\/\/beecofriendly.org\/wp-content\/uploads\/2021\/07\/plat-vegan-1536x1024.jpg 1536w, https:\/\/beecofriendly.org\/wp-content\/uploads\/2021\/07\/plat-vegan-16x12.jpg 16w, https:\/\/beecofriendly.org\/wp-content\/uploads\/2021\/07\/plat-vegan.jpg 1900w\" sizes=\"(max-width: 768px) 100vw, 768px\" \/>\n            <\/div>\n        <\/div><div class=\"eael-entry-wrapper\"><header class=\"eael-entry-header\"><h2 class=\"eael-entry-title\"><a class=\"eael-grid-post-link\" href=\"https:\/\/beecofriendly.org\/en\/vegetarian-spinach-and-mushroom-lasagna\/\" title=\"Vegetarian diet: supporting you in the change\">Vegetarian diet: supporting you in the change<\/a><\/h2><\/header><div class=\"eael-entry-content\">\n                        <div class=\"eael-grid-post-excerpt\"><p>Vegetarian food is becoming more and more accessible and more and more trendy. Some tips to help you in ...<\/p><a href=\"https:\/\/beecofriendly.org\/en\/vegetarian-spinach-and-mushroom-lasagna\/\" class=\"eael-post-elements-readmore-btn\">Read more<\/a><\/div>\n                    <\/div><\/div><\/div>\n        <\/div>\n    <\/article><article class=\"eael-grid-post eael-post-grid-column\" data-id=\"2419\">\n        <div class=\"eael-grid-post-holder\">\n            <div class=\"eael-grid-post-holder-inner\"><div class=\"eael-entry-media\"><div class=\"eael-entry-overlay fade-in\"><i class=\"fas fa-long-arrow-alt-right\" aria-hidden=\"true\"><\/i><a href=\"https:\/\/beecofriendly.org\/en\/la-charlotte-alimentaire-un-indispensable-dans-une-cuisine-zero-dechet\/\"><\/a><\/div><div class=\"eael-entry-thumbnail\">\n                <img decoding=\"async\" width=\"768\" height=\"960\" src=\"https:\/\/beecofriendly.org\/wp-content\/uploads\/2021\/06\/FB_IMG_1597071848046-768x960.jpg\" class=\"attachment-medium_large size-medium_large wp-image-2423\" alt=\"\" srcset=\"https:\/\/beecofriendly.org\/wp-content\/uploads\/2021\/06\/FB_IMG_1597071848046-768x960.jpg 768w, https:\/\/beecofriendly.org\/wp-content\/uploads\/2021\/06\/FB_IMG_1597071848046-240x300.jpg 240w, https:\/\/beecofriendly.org\/wp-content\/uploads\/2021\/06\/FB_IMG_1597071848046-819x1024.jpg 819w, https:\/\/beecofriendly.org\/wp-content\/uploads\/2021\/06\/FB_IMG_1597071848046-120x150.jpg 120w, https:\/\/beecofriendly.org\/wp-content\/uploads\/2021\/06\/FB_IMG_1597071848046-10x12.jpg 10w, https:\/\/beecofriendly.org\/wp-content\/uploads\/2021\/06\/FB_IMG_1597071848046.jpg 1080w\" sizes=\"(max-width: 768px) 100vw, 768px\" \/>\n            <\/div>\n        <\/div><div class=\"eael-entry-wrapper\"><header class=\"eael-entry-header\"><h2 class=\"eael-entry-title\"><a class=\"eael-grid-post-link\" href=\"https:\/\/beecofriendly.org\/en\/la-charlotte-alimentaire-un-indispensable-dans-une-cuisine-zero-dechet\/\" title=\"The fabric bowl cover : an essential in a Zero Waste kitchen.\">The fabric bowl cover : an essential in a Zero Waste kitchen.<\/a><\/h2><\/header><div class=\"eael-entry-content\">\n                        <div class=\"eael-grid-post-excerpt\"><p>Say goodbye to single-use plastic wrap by adopting the fabric bowl cover;<\/p><a href=\"https:\/\/beecofriendly.org\/en\/la-charlotte-alimentaire-un-indispensable-dans-une-cuisine-zero-dechet\/\" class=\"eael-post-elements-readmore-btn\">Read more<\/a><\/div>\n                    <\/div><\/div><\/div>\n        <\/div>\n    <\/article><\/div>\n            <div class=\"clearfix\"><\/div>\n        <\/div>\t\t\t\t<\/div>\n\t\t\t\t<\/div>\n\t\t\t\t\t<\/div>\n\t\t<\/div>\n\t\t\t\t\t<\/div>\n\t\t<\/section>\n\t\t\t\t<section class=\"elementor-section elementor-top-section elementor-element elementor-element-74cf465 elementor-section-boxed elementor-section-height-default elementor-section-height-default\" data-id=\"74cf465\" data-element_type=\"section\">\n\t\t\t\t\t\t<div class=\"elementor-container elementor-column-gap-default\">\n\t\t\t\t\t<div class=\"elementor-column elementor-col-100 elementor-top-column elementor-element elementor-element-d9f6845\" data-id=\"d9f6845\" data-element_type=\"column\">\n\t\t\t<div class=\"elementor-widget-wrap elementor-element-populated\">\n\t\t\t\t\t\t<div class=\"elementor-element elementor-element-79358da elementor-widget elementor-widget-spacer\" data-id=\"79358da\" data-element_type=\"widget\" data-widget_type=\"spacer.default\">\n\t\t\t\t<div class=\"elementor-widget-container\">\n\t\t\t\t\t\t\t<div class=\"elementor-spacer\">\n\t\t\t<div class=\"elementor-spacer-inner\"><\/div>\n\t\t<\/div>\n\t\t\t\t\t\t<\/div>\n\t\t\t\t<\/div>\n\t\t\t\t\t<\/div>\n\t\t<\/div>\n\t\t\t\t\t<\/div>\n\t\t<\/section>\n\t\t\t\t<\/div>","protected":false},"excerpt":{"rendered":"<p>Regime vegetarien : vous accompagner dans le changement L\u2019alimentation v\u00e9g\u00e9tarienne devient de plus en plus accessible et de plus en plus tendance. Quelques conseils pour vous aider dans&#8230; Lire plus La charlotte alimentaire : un indispensable dans une cuisine Z\u00e9ro D\u00e9chet. Dites adieu au film plastique \u00e0 usage unique en adoptant la charlotte alimentaire;\u00a0une solution [&hellip;]<\/p>","protected":false},"author":2,"featured_media":0,"parent":1107,"menu_order":0,"comment_status":"closed","ping_status":"closed","template":"","meta":{"wprm-recipe-roundup-name":"","wprm-recipe-roundup-description":"","ocean_post_layout":"full-screen","ocean_both_sidebars_style":"","ocean_both_sidebars_content_width":0,"ocean_both_sidebars_sidebars_width":0,"ocean_sidebar":"0","ocean_second_sidebar":"0","ocean_disable_margins":"enable","ocean_add_body_class":"","ocean_shortcode_before_top_bar":"","ocean_shortcode_after_top_bar":"","ocean_shortcode_before_header":"","ocean_shortcode_after_header":"","ocean_has_shortcode":"","ocean_shortcode_after_title":"","ocean_shortcode_before_footer_widgets":"","ocean_shortcode_after_footer_widgets":"","ocean_shortcode_before_footer_bottom":"","ocean_shortcode_after_footer_bottom":"","ocean_display_top_bar":"default","ocean_display_header":"default","ocean_header_style":"","ocean_center_header_left_menu":"0","ocean_custom_header_template":"0","ocean_custom_logo":0,"ocean_custom_retina_logo":0,"ocean_custom_logo_max_width":0,"ocean_custom_logo_tablet_max_width":0,"ocean_custom_logo_mobile_max_width":0,"ocean_custom_logo_max_height":0,"ocean_custom_logo_tablet_max_height":0,"ocean_custom_logo_mobile_max_height":0,"ocean_header_custom_menu":"0","ocean_menu_typo_font_family":"0","ocean_menu_typo_font_subset":"","ocean_menu_typo_font_size":0,"ocean_menu_typo_font_size_tablet":0,"ocean_menu_typo_font_size_mobile":0,"ocean_menu_typo_font_size_unit":"px","ocean_menu_typo_font_weight":"","ocean_menu_typo_font_weight_tablet":"","ocean_menu_typo_font_weight_mobile":"","ocean_menu_typo_transform":"","ocean_menu_typo_transform_tablet":"","ocean_menu_typo_transform_mobile":"","ocean_menu_typo_line_height":0,"ocean_menu_typo_line_height_tablet":0,"ocean_menu_typo_line_height_mobile":0,"ocean_menu_typo_line_height_unit":"","ocean_menu_typo_spacing":0,"ocean_menu_typo_spacing_tablet":0,"ocean_menu_typo_spacing_mobile":0,"ocean_menu_typo_spacing_unit":"","ocean_menu_link_color":"","ocean_menu_link_color_hover":"","ocean_menu_link_color_active":"","ocean_menu_link_background":"","ocean_menu_link_hover_background":"","ocean_menu_link_active_background":"","ocean_menu_social_links_bg":"","ocean_menu_social_hover_links_bg":"","ocean_menu_social_links_color":"","ocean_menu_social_hover_links_color":"","ocean_disable_title":"default","ocean_disable_heading":"default","ocean_post_title":"","ocean_post_subheading":"","ocean_post_title_style":"","ocean_post_title_background_color":"","ocean_post_title_background":0,"ocean_post_title_bg_image_position":"","ocean_post_title_bg_image_attachment":"","ocean_post_title_bg_image_repeat":"","ocean_post_title_bg_image_size":"","ocean_post_title_height":0,"ocean_post_title_bg_overlay":0.5,"ocean_post_title_bg_overlay_color":"","ocean_disable_breadcrumbs":"default","ocean_breadcrumbs_color":"","ocean_breadcrumbs_separator_color":"","ocean_breadcrumbs_links_color":"","ocean_breadcrumbs_links_hover_color":"","ocean_display_footer_widgets":"default","ocean_display_footer_bottom":"default","ocean_custom_footer_template":"0","footnotes":""},"class_list":["post-1833","page","type-page","status-publish","hentry","entry","has-media"],"_links":{"self":[{"href":"https:\/\/beecofriendly.org\/en\/wp-json\/wp\/v2\/pages\/1833","targetHints":{"allow":["GET"]}}],"collection":[{"href":"https:\/\/beecofriendly.org\/en\/wp-json\/wp\/v2\/pages"}],"about":[{"href":"https:\/\/beecofriendly.org\/en\/wp-json\/wp\/v2\/types\/page"}],"author":[{"embeddable":true,"href":"https:\/\/beecofriendly.org\/en\/wp-json\/wp\/v2\/users\/2"}],"replies":[{"embeddable":true,"href":"https:\/\/beecofriendly.org\/en\/wp-json\/wp\/v2\/comments?post=1833"}],"version-history":[{"count":20,"href":"https:\/\/beecofriendly.org\/en\/wp-json\/wp\/v2\/pages\/1833\/revisions"}],"predecessor-version":[{"id":2657,"href":"https:\/\/beecofriendly.org\/en\/wp-json\/wp\/v2\/pages\/1833\/revisions\/2657"}],"up":[{"embeddable":true,"href":"https:\/\/beecofriendly.org\/en\/wp-json\/wp\/v2\/pages\/1107"}],"wp:attachment":[{"href":"https:\/\/beecofriendly.org\/en\/wp-json\/wp\/v2\/media?parent=1833"}],"curies":[{"name":"wp","href":"https:\/\/api.w.org\/{rel}","templated":true}]}}