
{"id":1830,"date":"2021-04-19T14:14:51","date_gmt":"2021-04-19T18:14:51","guid":{"rendered":"https:\/\/beecofriendly.org\/?page_id=1830"},"modified":"2022-02-03T10:41:42","modified_gmt":"2022-02-03T15:41:42","slug":"recettes","status":"publish","type":"page","link":"https:\/\/beecofriendly.org\/en\/zero-dechet\/recettes\/","title":{"rendered":"Recipes :"},"content":{"rendered":"<div data-elementor-type=\"wp-page\" data-elementor-id=\"1830\" class=\"elementor elementor-1830\">\n\t\t\t\t\t\t<section class=\"elementor-section elementor-top-section elementor-element elementor-element-57fc9b9 elementor-section-boxed elementor-section-height-default elementor-section-height-default\" data-id=\"57fc9b9\" data-element_type=\"section\">\n\t\t\t\t\t\t<div class=\"elementor-container elementor-column-gap-default\">\n\t\t\t\t\t<div class=\"elementor-column elementor-col-100 elementor-top-column elementor-element elementor-element-bb6033a\" data-id=\"bb6033a\" data-element_type=\"column\">\n\t\t\t<div class=\"elementor-widget-wrap elementor-element-populated\">\n\t\t\t\t\t\t<div class=\"elementor-element elementor-element-e1817a1 elementor-widget elementor-widget-spacer\" data-id=\"e1817a1\" data-element_type=\"widget\" data-widget_type=\"spacer.default\">\n\t\t\t\t<div class=\"elementor-widget-container\">\n\t\t\t\t\t\t\t<div class=\"elementor-spacer\">\n\t\t\t<div class=\"elementor-spacer-inner\"><\/div>\n\t\t<\/div>\n\t\t\t\t\t\t<\/div>\n\t\t\t\t<\/div>\n\t\t\t\t\t<\/div>\n\t\t<\/div>\n\t\t\t\t\t<\/div>\n\t\t<\/section>\n\t\t\t\t<section class=\"elementor-section elementor-top-section elementor-element elementor-element-0b98bea elementor-section-boxed elementor-section-height-default elementor-section-height-default\" data-id=\"0b98bea\" data-element_type=\"section\">\n\t\t\t\t\t\t<div class=\"elementor-container elementor-column-gap-default\">\n\t\t\t\t\t<div class=\"elementor-column elementor-col-100 elementor-top-column elementor-element elementor-element-0ad435c\" data-id=\"0ad435c\" data-element_type=\"column\">\n\t\t\t<div class=\"elementor-widget-wrap elementor-element-populated\">\n\t\t\t\t\t\t<div class=\"elementor-element elementor-element-d7e4490 elementor-grid-eael-col-3 elementor-grid-tablet-eael-col-2 elementor-grid-mobile-eael-col-1 elementor-widget elementor-widget-eael-post-grid\" data-id=\"d7e4490\" data-element_type=\"widget\" data-settings=\"{&quot;eael_post_grid_columns&quot;:&quot;eael-col-3&quot;,&quot;eael_post_grid_columns_tablet&quot;:&quot;eael-col-2&quot;,&quot;eael_post_grid_columns_mobile&quot;:&quot;eael-col-1&quot;}\" data-widget_type=\"eael-post-grid.default\">\n\t\t\t\t<div class=\"elementor-widget-container\">\n\t\t\t\t\t<div id=\"eael-post-grid-d7e4490\" class=\"eael-post-grid-container\">\n            <div class=\"eael-post-grid eael-post-appender eael-post-appender-d7e4490 eael-post-grid-style-one\" data-layout-mode=\"grid\"><article class=\"eael-grid-post eael-post-grid-column\" data-id=\"2405\">\n        <div class=\"eael-grid-post-holder\">\n            <div class=\"eael-grid-post-holder-inner\"><div class=\"eael-entry-media\"><div class=\"eael-entry-overlay fade-in\"><i class=\"fas fa-long-arrow-alt-right\" aria-hidden=\"true\"><\/i><a href=\"https:\/\/beecofriendly.org\/en\/le-bouillon-aux-epluchures-de-legumes\/\"><\/a><\/div><div class=\"eael-entry-thumbnail\">\n                <img fetchpriority=\"high\" decoding=\"async\" width=\"481\" height=\"531\" src=\"https:\/\/beecofriendly.org\/wp-content\/uploads\/2021\/05\/bouillon4.png\" class=\"attachment-medium_large size-medium_large wp-image-2403\" alt=\"\" srcset=\"https:\/\/beecofriendly.org\/wp-content\/uploads\/2021\/05\/bouillon4.png 481w, https:\/\/beecofriendly.org\/wp-content\/uploads\/2021\/05\/bouillon4-272x300.png 272w, https:\/\/beecofriendly.org\/wp-content\/uploads\/2021\/05\/bouillon4-136x150.png 136w, https:\/\/beecofriendly.org\/wp-content\/uploads\/2021\/05\/bouillon4-11x12.png 11w\" sizes=\"(max-width: 481px) 100vw, 481px\" \/>\n            <\/div>\n        <\/div><div class=\"eael-entry-wrapper\"><header class=\"eael-entry-header\"><h2 class=\"eael-entry-title\"><a class=\"eael-grid-post-link\" href=\"https:\/\/beecofriendly.org\/en\/le-bouillon-aux-epluchures-de-legumes\/\" title=\"Vegetable peel broth\">Vegetable peel broth<\/a><\/h2><\/header><div class=\"eael-entry-content\">\n                        <div class=\"eael-grid-post-excerpt\"><p>Avez-vous regard\u00e9 de plus pr\u00eat la composition des bouillons tout pr\u00eats\u2026 Graisse de palme, \u00e9paississants, gomme...<\/p><a href=\"https:\/\/beecofriendly.org\/en\/le-bouillon-aux-epluchures-de-legumes\/\" class=\"eael-post-elements-readmore-btn\">Read more<\/a><\/div>\n                    <\/div><\/div><\/div>\n        <\/div>\n    <\/article><article class=\"eael-grid-post eael-post-grid-column\" data-id=\"2107\">\n        <div class=\"eael-grid-post-holder\">\n            <div class=\"eael-grid-post-holder-inner\"><div class=\"eael-entry-media\"><div class=\"eael-entry-overlay fade-in\"><i class=\"fas fa-long-arrow-alt-right\" aria-hidden=\"true\"><\/i><a href=\"https:\/\/beecofriendly.org\/en\/serum-hydratant-a-laloes-vera\/\"><\/a><\/div><div class=\"eael-entry-thumbnail\">\n                <img decoding=\"async\" width=\"768\" height=\"576\" src=\"https:\/\/beecofriendly.org\/wp-content\/uploads\/2021\/04\/PXL_20210429_135846183.PORTRAIT2-768x576.jpg\" class=\"attachment-medium_large size-medium_large wp-image-2070\" alt=\"\" srcset=\"https:\/\/beecofriendly.org\/wp-content\/uploads\/2021\/04\/PXL_20210429_135846183.PORTRAIT2-768x576.jpg 768w, https:\/\/beecofriendly.org\/wp-content\/uploads\/2021\/04\/PXL_20210429_135846183.PORTRAIT2-300x225.jpg 300w, https:\/\/beecofriendly.org\/wp-content\/uploads\/2021\/04\/PXL_20210429_135846183.PORTRAIT2-1024x768.jpg 1024w, https:\/\/beecofriendly.org\/wp-content\/uploads\/2021\/04\/PXL_20210429_135846183.PORTRAIT2-150x113.jpg 150w, https:\/\/beecofriendly.org\/wp-content\/uploads\/2021\/04\/PXL_20210429_135846183.PORTRAIT2-1536x1152.jpg 1536w, https:\/\/beecofriendly.org\/wp-content\/uploads\/2021\/04\/PXL_20210429_135846183.PORTRAIT2-2048x1536.jpg 2048w, https:\/\/beecofriendly.org\/wp-content\/uploads\/2021\/04\/PXL_20210429_135846183.PORTRAIT2-16x12.jpg 16w, https:\/\/beecofriendly.org\/wp-content\/uploads\/2021\/04\/PXL_20210429_135846183.PORTRAIT2-500x375.jpg 500w\" sizes=\"(max-width: 768px) 100vw, 768px\" \/>\n            <\/div>\n        <\/div><div class=\"eael-entry-wrapper\"><header class=\"eael-entry-header\"><h2 class=\"eael-entry-title\"><a class=\"eael-grid-post-link\" href=\"https:\/\/beecofriendly.org\/en\/serum-hydratant-a-laloes-vera\/\" title=\"S\u00e9rum hydratant \u00e0 l&rsquo;aloes vera\">Aloe vera serum<\/a><\/h2><\/header><div class=\"eael-entry-content\">\n                        <div class=\"eael-grid-post-excerpt\"><p>Le s\u00e9rum, parfois appel\u00e9 \u00e9lixir, permet de soigner la peau en profondeur. Il s\u2019applique sur une...<\/p><a href=\"https:\/\/beecofriendly.org\/en\/serum-hydratant-a-laloes-vera\/\" class=\"eael-post-elements-readmore-btn\">Read more<\/a><\/div>\n                    <\/div><\/div><\/div>\n        <\/div>\n    <\/article><article class=\"eael-grid-post eael-post-grid-column\" data-id=\"2078\">\n        <div class=\"eael-grid-post-holder\">\n            <div class=\"eael-grid-post-holder-inner\"><div class=\"eael-entry-media\"><div class=\"eael-entry-overlay fade-in\"><i class=\"fas fa-long-arrow-alt-right\" aria-hidden=\"true\"><\/i><a href=\"https:\/\/beecofriendly.org\/en\/exfoliant-naturel-au-miel\/\"><\/a><\/div><div class=\"eael-entry-thumbnail\">\n                <img decoding=\"async\" width=\"768\" height=\"573\" src=\"https:\/\/beecofriendly.org\/wp-content\/uploads\/2021\/04\/PXL_20210429_134351420.PORTRAIT2-768x573.jpg\" class=\"attachment-medium_large size-medium_large wp-image-2079\" alt=\"\" srcset=\"https:\/\/beecofriendly.org\/wp-content\/uploads\/2021\/04\/PXL_20210429_134351420.PORTRAIT2-768x573.jpg 768w, https:\/\/beecofriendly.org\/wp-content\/uploads\/2021\/04\/PXL_20210429_134351420.PORTRAIT2-300x224.jpg 300w, https:\/\/beecofriendly.org\/wp-content\/uploads\/2021\/04\/PXL_20210429_134351420.PORTRAIT2-1024x764.jpg 1024w, https:\/\/beecofriendly.org\/wp-content\/uploads\/2021\/04\/PXL_20210429_134351420.PORTRAIT2-150x112.jpg 150w, https:\/\/beecofriendly.org\/wp-content\/uploads\/2021\/04\/PXL_20210429_134351420.PORTRAIT2-1536x1146.jpg 1536w, https:\/\/beecofriendly.org\/wp-content\/uploads\/2021\/04\/PXL_20210429_134351420.PORTRAIT2-2048x1528.jpg 2048w, https:\/\/beecofriendly.org\/wp-content\/uploads\/2021\/04\/PXL_20210429_134351420.PORTRAIT2-16x12.jpg 16w\" sizes=\"(max-width: 768px) 100vw, 768px\" \/>\n            <\/div>\n        <\/div><div class=\"eael-entry-wrapper\"><header class=\"eael-entry-header\"><h2 class=\"eael-entry-title\"><a class=\"eael-grid-post-link\" href=\"https:\/\/beecofriendly.org\/en\/exfoliant-naturel-au-miel\/\" title=\"Natural honey exfoliant\">Natural honey exfoliant<\/a><\/h2><\/header><div class=\"eael-entry-content\">\n                        <div class=\"eael-grid-post-excerpt\"><p>Le gommage est un soin qui permet d\u2019\u00e9liminer les cellules mortes pr\u00e9sentes \u00e0 la surface de...<\/p><a href=\"https:\/\/beecofriendly.org\/en\/exfoliant-naturel-au-miel\/\" class=\"eael-post-elements-readmore-btn\">Read more<\/a><\/div>\n                    <\/div><\/div><\/div>\n        <\/div>\n    <\/article><article class=\"eael-grid-post eael-post-grid-column\" data-id=\"2099\">\n        <div class=\"eael-grid-post-holder\">\n            <div class=\"eael-grid-post-holder-inner\"><div class=\"eael-entry-media\"><div class=\"eael-entry-overlay fade-in\"><i class=\"fas fa-long-arrow-alt-right\" aria-hidden=\"true\"><\/i><a href=\"https:\/\/beecofriendly.org\/en\/gel-daloes-vera\/\"><\/a><\/div><div class=\"eael-entry-thumbnail\">\n                <img loading=\"lazy\" decoding=\"async\" width=\"768\" height=\"512\" src=\"https:\/\/beecofriendly.org\/wp-content\/uploads\/2021\/04\/aloe-2163120_1920-768x512.jpg\" class=\"attachment-medium_large size-medium_large wp-image-2073\" alt=\"\" srcset=\"https:\/\/beecofriendly.org\/wp-content\/uploads\/2021\/04\/aloe-2163120_1920-768x512.jpg 768w, https:\/\/beecofriendly.org\/wp-content\/uploads\/2021\/04\/aloe-2163120_1920-300x200.jpg 300w, https:\/\/beecofriendly.org\/wp-content\/uploads\/2021\/04\/aloe-2163120_1920-1024x683.jpg 1024w, https:\/\/beecofriendly.org\/wp-content\/uploads\/2021\/04\/aloe-2163120_1920-150x100.jpg 150w, https:\/\/beecofriendly.org\/wp-content\/uploads\/2021\/04\/aloe-2163120_1920-1536x1024.jpg 1536w, https:\/\/beecofriendly.org\/wp-content\/uploads\/2021\/04\/aloe-2163120_1920-16x12.jpg 16w, https:\/\/beecofriendly.org\/wp-content\/uploads\/2021\/04\/aloe-2163120_1920.jpg 1920w\" sizes=\"(max-width: 768px) 100vw, 768px\" \/>\n            <\/div>\n        <\/div><div class=\"eael-entry-wrapper\"><header class=\"eael-entry-header\"><h2 class=\"eael-entry-title\"><a class=\"eael-grid-post-link\" href=\"https:\/\/beecofriendly.org\/en\/gel-daloes-vera\/\" title=\"Gel d&rsquo;Aloes vera\">Aloe vera gel<\/a><\/h2><\/header><div class=\"eael-entry-content\">\n                        <div class=\"eael-grid-post-excerpt\"><p>Le gel d'alo\u00e8s est un ingr\u00e9dient incontournable de vos traitements beaut\u00e9. Ses multiples propri\u00e9t\u00e9s actives en...<\/p><a href=\"https:\/\/beecofriendly.org\/en\/gel-daloes-vera\/\" class=\"eael-post-elements-readmore-btn\">Read more<\/a><\/div>\n                    <\/div><\/div><\/div>\n        <\/div>\n    <\/article><article class=\"eael-grid-post eael-post-grid-column\" data-id=\"1775\">\n        <div class=\"eael-grid-post-holder\">\n            <div class=\"eael-grid-post-holder-inner\"><div class=\"eael-entry-media\"><div class=\"eael-entry-overlay fade-in\"><i class=\"fas fa-long-arrow-alt-right\" aria-hidden=\"true\"><\/i><a href=\"https:\/\/beecofriendly.org\/en\/brownie-a-laquafa-et-pepites-de-chocolat\/\"><\/a><\/div><div class=\"eael-entry-thumbnail\">\n                <img loading=\"lazy\" decoding=\"async\" width=\"768\" height=\"1024\" src=\"https:\/\/beecofriendly.org\/wp-content\/uploads\/2021\/04\/PXL_20210414_214046501.PORTRAIT-768x1024.jpg\" class=\"attachment-medium_large size-medium_large wp-image-1780\" alt=\"\" srcset=\"https:\/\/beecofriendly.org\/wp-content\/uploads\/2021\/04\/PXL_20210414_214046501.PORTRAIT-768x1024.jpg 768w, https:\/\/beecofriendly.org\/wp-content\/uploads\/2021\/04\/PXL_20210414_214046501.PORTRAIT-225x300.jpg 225w, https:\/\/beecofriendly.org\/wp-content\/uploads\/2021\/04\/PXL_20210414_214046501.PORTRAIT-113x150.jpg 113w, https:\/\/beecofriendly.org\/wp-content\/uploads\/2021\/04\/PXL_20210414_214046501.PORTRAIT-1152x1536.jpg 1152w, https:\/\/beecofriendly.org\/wp-content\/uploads\/2021\/04\/PXL_20210414_214046501.PORTRAIT-1536x2048.jpg 1536w, https:\/\/beecofriendly.org\/wp-content\/uploads\/2021\/04\/PXL_20210414_214046501.PORTRAIT-scaled.jpg 1920w\" sizes=\"(max-width: 768px) 100vw, 768px\" \/>\n            <\/div>\n        <\/div><div class=\"eael-entry-wrapper\"><header class=\"eael-entry-header\"><h2 class=\"eael-entry-title\"><a class=\"eael-grid-post-link\" href=\"https:\/\/beecofriendly.org\/en\/brownie-a-laquafa-et-pepites-de-chocolat\/\" title=\"Chocolate brownies with aquafaba\">Chocolate brownies with aquafaba<\/a><\/h2><\/header><div class=\"eael-entry-content\">\n                        <div class=\"eael-grid-post-excerpt\"><p>Des brownies fondants avec un centre de chocolat d\u00e9cadent et le dessus craquel\u00e9 parfait | Sans...<\/p><a href=\"https:\/\/beecofriendly.org\/en\/brownie-a-laquafa-et-pepites-de-chocolat\/\" class=\"eael-post-elements-readmore-btn\">Read more<\/a><\/div>\n                    <\/div><\/div><\/div>\n        <\/div>\n    <\/article><\/div>\n            <div class=\"clearfix\"><\/div>\n        <\/div>\t\t\t\t<\/div>\n\t\t\t\t<\/div>\n\t\t\t\t\t<\/div>\n\t\t<\/div>\n\t\t\t\t\t<\/div>\n\t\t<\/section>\n\t\t\t\t<\/div>","protected":false},"excerpt":{"rendered":"<p>Le bouillon aux \u00e9pluchures de l\u00e9gumes Avez-vous regard\u00e9 de plus pr\u00eat la composition des bouillons tout pr\u00eats\u2026 Graisse de palme, \u00e9paississants, gomme&#8230; Lire plus S\u00e9rum hydratant \u00e0 l&rsquo;aloes vera Le s\u00e9rum, parfois appel\u00e9 \u00e9lixir, permet de soigner la peau en profondeur. Il s\u2019applique sur une&#8230; Lire plus Exfoliant naturel au miel Le gommage est un [&hellip;]<\/p>","protected":false},"author":2,"featured_media":0,"parent":1107,"menu_order":0,"comment_status":"closed","ping_status":"closed","template":"","meta":{"wprm-recipe-roundup-name":"","wprm-recipe-roundup-description":"","ocean_post_layout":"full-screen","ocean_both_sidebars_style":"","ocean_both_sidebars_content_width":0,"ocean_both_sidebars_sidebars_width":0,"ocean_sidebar":"0","ocean_second_sidebar":"0","ocean_disable_margins":"enable","ocean_add_body_class":"","ocean_shortcode_before_top_bar":"","ocean_shortcode_after_top_bar":"","ocean_shortcode_before_header":"","ocean_shortcode_after_header":"","ocean_has_shortcode":"","ocean_shortcode_after_title":"","ocean_shortcode_before_footer_widgets":"","ocean_shortcode_after_footer_widgets":"","ocean_shortcode_before_footer_bottom":"","ocean_shortcode_after_footer_bottom":"","ocean_display_top_bar":"default","ocean_display_header":"default","ocean_header_style":"","ocean_center_header_left_menu":"0","ocean_custom_header_template":"0","ocean_custom_logo":0,"ocean_custom_retina_logo":0,"ocean_custom_logo_max_width":0,"ocean_custom_logo_tablet_max_width":0,"ocean_custom_logo_mobile_max_width":0,"ocean_custom_logo_max_height":0,"ocean_custom_logo_tablet_max_height":0,"ocean_custom_logo_mobile_max_height":0,"ocean_header_custom_menu":"0","ocean_menu_typo_font_family":"0","ocean_menu_typo_font_subset":"","ocean_menu_typo_font_size":0,"ocean_menu_typo_font_size_tablet":0,"ocean_menu_typo_font_size_mobile":0,"ocean_menu_typo_font_size_unit":"px","ocean_menu_typo_font_weight":"","ocean_menu_typo_font_weight_tablet":"","ocean_menu_typo_font_weight_mobile":"","ocean_menu_typo_transform":"","ocean_menu_typo_transform_tablet":"","ocean_menu_typo_transform_mobile":"","ocean_menu_typo_line_height":0,"ocean_menu_typo_line_height_tablet":0,"ocean_menu_typo_line_height_mobile":0,"ocean_menu_typo_line_height_unit":"","ocean_menu_typo_spacing":0,"ocean_menu_typo_spacing_tablet":0,"ocean_menu_typo_spacing_mobile":0,"ocean_menu_typo_spacing_unit":"","ocean_menu_link_color":"","ocean_menu_link_color_hover":"","ocean_menu_link_color_active":"","ocean_menu_link_background":"","ocean_menu_link_hover_background":"","ocean_menu_link_active_background":"","ocean_menu_social_links_bg":"","ocean_menu_social_hover_links_bg":"","ocean_menu_social_links_color":"","ocean_menu_social_hover_links_color":"","ocean_disable_title":"default","ocean_disable_heading":"default","ocean_post_title":"","ocean_post_subheading":"","ocean_post_title_style":"","ocean_post_title_background_color":"","ocean_post_title_background":0,"ocean_post_title_bg_image_position":"","ocean_post_title_bg_image_attachment":"","ocean_post_title_bg_image_repeat":"","ocean_post_title_bg_image_size":"","ocean_post_title_height":0,"ocean_post_title_bg_overlay":0.5,"ocean_post_title_bg_overlay_color":"","ocean_disable_breadcrumbs":"default","ocean_breadcrumbs_color":"","ocean_breadcrumbs_separator_color":"","ocean_breadcrumbs_links_color":"","ocean_breadcrumbs_links_hover_color":"","ocean_display_footer_widgets":"default","ocean_display_footer_bottom":"default","ocean_custom_footer_template":"0","footnotes":""},"class_list":["post-1830","page","type-page","status-publish","hentry","entry","has-media"],"_links":{"self":[{"href":"https:\/\/beecofriendly.org\/en\/wp-json\/wp\/v2\/pages\/1830","targetHints":{"allow":["GET"]}}],"collection":[{"href":"https:\/\/beecofriendly.org\/en\/wp-json\/wp\/v2\/pages"}],"about":[{"href":"https:\/\/beecofriendly.org\/en\/wp-json\/wp\/v2\/types\/page"}],"author":[{"embeddable":true,"href":"https:\/\/beecofriendly.org\/en\/wp-json\/wp\/v2\/users\/2"}],"replies":[{"embeddable":true,"href":"https:\/\/beecofriendly.org\/en\/wp-json\/wp\/v2\/comments?post=1830"}],"version-history":[{"count":21,"href":"https:\/\/beecofriendly.org\/en\/wp-json\/wp\/v2\/pages\/1830\/revisions"}],"predecessor-version":[{"id":2664,"href":"https:\/\/beecofriendly.org\/en\/wp-json\/wp\/v2\/pages\/1830\/revisions\/2664"}],"up":[{"embeddable":true,"href":"https:\/\/beecofriendly.org\/en\/wp-json\/wp\/v2\/pages\/1107"}],"wp:attachment":[{"href":"https:\/\/beecofriendly.org\/en\/wp-json\/wp\/v2\/media?parent=1830"}],"curies":[{"name":"wp","href":"https:\/\/api.w.org\/{rel}","templated":true}]}}