
{"id":1827,"date":"2021-04-19T14:10:35","date_gmt":"2021-04-19T18:10:35","guid":{"rendered":"https:\/\/beecofriendly.org\/?page_id=1827"},"modified":"2021-05-04T13:45:32","modified_gmt":"2021-05-04T17:45:32","slug":"lexique-franco-anglais","status":"publish","type":"page","link":"https:\/\/beecofriendly.org\/en\/zero-dechet\/lexique-franco-anglais\/","title":{"rendered":"Glossary"},"content":{"rendered":"<div data-elementor-type=\"wp-page\" data-elementor-id=\"1827\" class=\"elementor elementor-1827\">\n\t\t\t\t\t\t<section class=\"elementor-section elementor-top-section elementor-element elementor-element-b846a41 elementor-section-boxed elementor-section-height-default elementor-section-height-default\" data-id=\"b846a41\" data-element_type=\"section\">\n\t\t\t\t\t\t<div class=\"elementor-container elementor-column-gap-default\">\n\t\t\t\t\t<div class=\"elementor-column elementor-col-100 elementor-top-column elementor-element elementor-element-9ede590\" data-id=\"9ede590\" data-element_type=\"column\">\n\t\t\t<div class=\"elementor-widget-wrap elementor-element-populated\">\n\t\t\t\t\t\t<div class=\"elementor-element elementor-element-eb1a63c elementor-widget elementor-widget-text-editor\" data-id=\"eb1a63c\" data-element_type=\"widget\" data-widget_type=\"text-editor.default\">\n\t\t\t\t<div class=\"elementor-widget-container\">\n\t\t\t\t\t\t\t\t\t<p><span style=\"font-weight: 400;\">New country, new language\u2026 and always the same recipes. <\/span><\/p><h4><span style=\"font-weight: 400;\"><strong>How do you find what you need to reduce your waste?<\/strong><\/span><\/h4><p><span style=\"font-weight: 400;\"> To help you in your daily life, I have created a glossary of the list of products \/ ingredients - translated into English - that I use.\u00a0<\/span><\/p><p><span style=\"font-weight: 400;\">As a bonus, the links to the recipes associated with your search.<\/span><\/p>\t\t\t\t\t\t\t\t<\/div>\n\t\t\t\t<\/div>\n\t\t\t\t<div class=\"elementor-element elementor-element-3e39f01 elementor-widget-divider--view-line elementor-widget elementor-widget-divider\" data-id=\"3e39f01\" data-element_type=\"widget\" data-widget_type=\"divider.default\">\n\t\t\t\t<div class=\"elementor-widget-container\">\n\t\t\t\t\t\t\t<div class=\"elementor-divider\">\n\t\t\t<span class=\"elementor-divider-separator\">\n\t\t\t\t\t\t<\/span>\n\t\t<\/div>\n\t\t\t\t\t\t<\/div>\n\t\t\t\t<\/div>\n\t\t\t\t<div class=\"elementor-element elementor-element-c25db9c elementor-widget elementor-widget-text-editor\" data-id=\"c25db9c\" data-element_type=\"widget\" data-widget_type=\"text-editor.default\">\n\t\t\t\t<div class=\"elementor-widget-container\">\n\t\t\t\t\t\t\t\t\t<p><a name='name_directory_position2'><\/a><div class=\"name_directory_index\"><a class=\"name_directory_startswith\" href=\"https:\/\/beecofriendly.org\/en\/zero-dechet\/lexique-franco-anglais\/?dir=2&#038;name_directory_startswith=#name_directory_position2\">All<\/a> | <a class=\"name_directory_startswith\" href=\"https:\/\/beecofriendly.org\/en\/zero-dechet\/lexique-franco-anglais\/?dir=2&#038;name_directory_startswith=A#name_directory_position2\">A<\/a>  <a class=\"name_directory_startswith\" href=\"https:\/\/beecofriendly.org\/en\/zero-dechet\/lexique-franco-anglais\/?dir=2&#038;name_directory_startswith=C#name_directory_position2\">C<\/a>  <a class=\"name_directory_startswith\" href=\"https:\/\/beecofriendly.org\/en\/zero-dechet\/lexique-franco-anglais\/?dir=2&#038;name_directory_startswith=G#name_directory_position2\">G<\/a>  <a class=\"name_directory_startswith\" href=\"https:\/\/beecofriendly.org\/en\/zero-dechet\/lexique-franco-anglais\/?dir=2&#038;name_directory_startswith=H#name_directory_position2\">H<\/a>  <a class=\"name_directory_startswith\" href=\"https:\/\/beecofriendly.org\/en\/zero-dechet\/lexique-franco-anglais\/?dir=2&#038;name_directory_startswith=M#name_directory_position2\">M<\/a>  <a class=\"name_directory_startswith\" href=\"https:\/\/beecofriendly.org\/en\/zero-dechet\/lexique-franco-anglais\/?dir=2&#038;name_directory_startswith=P#name_directory_position2\">P<\/a>  <a class=\"name_directory_startswith\" href=\"https:\/\/beecofriendly.org\/en\/zero-dechet\/lexique-franco-anglais\/?dir=2&#038;name_directory_startswith=S#name_directory_position2\">S<\/a> <\/div><div class=\"name_directory_total\">There are currently 10 names in this directory<\/div><div class=\"name_directory_names\"><div class=\"name_directory_column name_directory_nr1\"><div class=\"name_directory_character_header\">A<\/div><hr \/><div class=\"name_directory_name_box\"><a name=\"namedirectory_AlosVeraFr-AloeVeraEn\"><\/a><strong role=\"term\">Alo\u00e8s Vera (Fr) -> Aloe Vera (En)<\/strong><br><div role=\"definition\"> <div align=\"justify\"><blockquote> Aloe is an essential ingredient in your beauty treatments. Its multiple active properties make it a shock ally for your hair and skin.\nIt contains a multitude of vitamins, such as vitamins A, C and E, all of which have high antioxidant power.\nIts moisturizing, astringent and antibacterial properties also stand out. <blockquote>\r\n<a href=\"https:\/\/beecofriendly.org\/en\/gel-daloes-vera\/\" style=\"color:#057F7F;\">Aloe Vera gel recipe<\/a>\r\n<br>\r\n<a href=\"https:\/\/beecofriendly.org\/en\/serum-hydratant-a-laloes-vera\/\" style=\"color:#057F7F;\">Recipe for the face and eye contour serum with aloe vera<\/a> <\/div>\r\n<\/div><\/div><hr \/><div class=\"name_directory_name_box\"><a name=\"namedirectory_Aquafaba\"><\/a><strong role=\"term\">Aquafaba <\/strong><br><div role=\"definition\"><div align=\"justify\"><blockquote>It literally means bean water ... the water we used to pour into the sink when we emptied a can of chickpeas. What you need to know is that the water in cans of chickpeas mimics the protein in egg whites, making them a very good egg substitute.<blockquote>\r\n <a href=\"https:\/\/beecofriendly.org\/en\/brownie-a-laquafa-et-pepites-de-chocolat\/\" style=\"color:#057F7F;\">Chocolate brownies with aquafaba<\/a><div>\r\n<\/div><\/div><hr \/><div class=\"name_directory_character_header\">C<\/div><hr \/><div class=\"name_directory_name_box\"><a name=\"namedirectory_CitronFr-LemonEn\"><\/a><strong role=\"term\">Citron (Fr) -> Lemon (En)<\/strong><br><div role=\"definition\"><div align=\"justify\"><blockquote>Lemon is also appreciated for its antibacterial properties.\nIt fights the appearance of wrinkles and spots on the skin. A lemon mask on his face will therefore eliminate all impurities such as pimples or blackheads.\nFinally, lemon helps tighten pores.<blockquote>\r\n<a href=\"https:\/\/beecofriendly.org\/en\/exfoliant-naturel-au-miel\/\" style=\"color:#057F7F;\">Honey scrub recipe<\/a><div>\r\n<\/div><\/div><hr \/><div class=\"name_directory_character_header\">G<\/div><hr \/><div class=\"name_directory_name_box\"><a name=\"namedirectory_GommageFr-ScrubEn\"><\/a><strong role=\"term\">Gommage (Fr) -> Scrub (En)<\/strong><br><div role=\"definition\"> <div align=\"justify\"><blockquote> The exfoliation is a treatment that eliminates dead cells present on the surface of the skin. It tightens the pores and helps to remove some small imperfections. <blockquote> \r\n <a href=\"https:\/\/beecofriendly.org\/en\/exfoliant-naturel-au-miel\/\" style=\"color:#057F7F;\">Honey scrub recipe<\/a><div>\r\n<\/div><\/div><hr \/><div class=\"name_directory_character_header\">H<\/div><hr \/><div class=\"name_directory_name_box\"><a name=\"namedirectory_HuiledamandedouceFr-AlmondoilEn\"><\/a><strong role=\"term\">Huile d&rsquo;amande douce (Fr) -> Almond oil (En)<\/strong><br><div role=\"definition\"><div align=\"justify\"><blockquote>Sweet almond oil moisturizes and protects skin and hair, while restoring vigor and radiance.\nSoothing, it relieves irritation and itching.\nNourishing, it is perfect in case of chapped skin or dry skin, as well as in prevention of stretch marks. <blockquote>\r\n<a href=\"https:\/\/beecofriendly.org\/en\/exfoliant-naturel-au-miel\/\" style=\"color:#057F7F;\">Honey scrub recipe<\/a><div><\/div><\/div><hr \/><div class=\"name_directory_name_box\"><a name=\"namedirectory_HuilevegetaleFr-VegetableoilEn\"><\/a><strong role=\"term\">Huile vegetale (Fr) -> Vegetable oil (En)<\/strong><br><div role=\"definition\"> <div align=\"justify\"><blockquote> The oil nourishes the skin, even oily skin. Like soap, there is an oil for each type of skin. Depending on the situation, you will opt for an oil that is less absorbent or, on the contrary, for a dry oil. <blockquote>  \r\n<a href=\"https:\/\/beecofriendly.org\/en\/serum-hydratant-a-laloes-vera\/\" style=\"color:#057F7F;\">List of oils suitable for skin type<\/a><div>\r\n<\/div><\/div><hr \/><div class=\"name_directory_character_header\">M<\/div><hr \/><div class=\"name_directory_name_box\"><a name=\"namedirectory_MielFr-HoneyEn\"><\/a><strong role=\"term\">Miel (Fr) -> Honey (En)<\/strong><br><div role=\"definition\"><div align=\"justify\"><blockquote> Honey is a 100% natural beauty ingredient. It is rich in vitamins, trace elements, minerals and amino acids. It is perfect for taking care of your skin.\nIt will have a softening, moisturizing and regenerating action on the skin. In addition, its healing and anti-bacterial properties will soothe the most sensitive skin and problem skin.\nHoney also promotes cell regeneration and thus helps fight skin aging. <blockquote> \r\n<a href=\"https:\/\/beecofriendly.org\/en\/exfoliant-naturel-au-miel\/\" style=\"color:#057F7F;\">Honey scrub recipe<\/a><div>\r\n\r\n<\/div><\/div><hr \/><div class=\"name_directory_character_header\">P<\/div><hr \/><div class=\"name_directory_name_box\"><a name=\"namedirectory_PULFr-PULouPolyurethaneLaminatedEn\"><\/a><strong role=\"term\">PUL (Fr) -> PUL ou Polyurethane Laminated (En)<\/strong><br><div role=\"definition\"><div align=\"justify\"><blockquote>Le PUL : une mati\u00e8re souple et facile \u00e0 coudre. Le \u00ab\u00a0PUL\u00a0\u00bb est un tissu 100% imperm\u00e9able, doux et souple, qui coud facilement et permet de confectionner toutes sortes d&rsquo;articles imperm\u00e9ables et r\u00e9sistants aux lavages r\u00e9p\u00e9t\u00e9s. En particulier, c&rsquo;est l&rsquo;imperm\u00e9able utilis\u00e9 pour la confection de couches lavables. Il est aussi tout \u00e0 fait indiqu\u00e9 pour la confection d&rsquo;al\u00e8ses, de bavoirs, tapis de change, protection pour si\u00e8ge auto ou si\u00e8ge b\u00e9b\u00e9, housse de coussin de chaise, protection de fauteuil, paniers pour animaux et plus g\u00e9n\u00e9ralement tout type de protection contre les liquides.<blockquote>\r\n\r\n<a href=\"https:\/\/beecofriendly.org\/en\/la-charlotte-alimentaire-un-indispensable-dans-une-cuisine-zero-dechet\/\" style=\"color:#057F7F;\">Tuto Charlotte alimentaire<\/a><div>\r\n\r\n<\/div><\/div><hr \/><div class=\"name_directory_character_header\">S<\/div><hr \/><div class=\"name_directory_name_box\"><a name=\"namedirectory_SrumFr-SerumEn\"><\/a><strong role=\"term\">S\u00e9rum (Fr) -> Serum (En)<\/strong><br><div role=\"definition\"> <div align=\"justify\"><blockquote> The serum, sometimes called an elixir, helps to heal the skin in depth. It is applied to cleansed, makeup-free skin. Usually at the end of our beauty routine, just before going to bed or in the morning.<blockquote> \r\n<a href=\"https:\/\/beecofriendly.org\/en\/serum-hydratant-a-laloes-vera\/\" style=\"color:#057F7F;\">Recipe for the face and eye contour serum with aloe vera<\/a><div><\/div><\/div><hr \/><div class=\"name_directory_name_box\"><a name=\"namedirectory_SucrerouxoucassonadeFr-BrownsugarorCanesugarEn\"><\/a><strong role=\"term\">Sucre roux ou cassonade (Fr) -> Brown sugar  or Cane sugar(En)<\/strong><br><div role=\"definition\"><div align=\"justify\"><blockquote>It is a brown crystallized sugar extracted directly from sugarcane juice and collected in turbines after vacuum concentration and crystallization of the syrups.<blockquote>\r\n<bp>Brown sugar is an excellent natural exfoliant. It will help loosen dead skin cells, activate cell renewal and delay skin aging. Its grain, larger than that of white sugar, will smooth the skin and make it softer. <blockquote>\r\n <a href=\"https:\/\/beecofriendly.org\/en\/exfoliant-naturel-au-miel\/\" style=\"color:#057F7F;\">Honey scrub recipe<\/a><div>\r\n<\/div><\/div><\/div><\/div><style>\r\n        .name_directory_readmore_state ~ .name_directory_readmore_trigger:before {\r\n            content: '... Show more';\r\n        }\r\n       \r\n        .name_directory_readmore_state:checked ~ .name_directory_readmore_trigger:before {\r\n            content: 'Show less';\r\n        }\r\n        <\/style><\/p>\t\t\t\t\t\t\t\t<\/div>\n\t\t\t\t<\/div>\n\t\t\t\t\t<\/div>\n\t\t<\/div>\n\t\t\t\t\t<\/div>\n\t\t<\/section>\n\t\t\t\t<section class=\"elementor-section elementor-top-section elementor-element elementor-element-25f6123 elementor-section-boxed elementor-section-height-default elementor-section-height-default\" data-id=\"25f6123\" data-element_type=\"section\">\n\t\t\t\t\t\t<div class=\"elementor-container elementor-column-gap-default\">\n\t\t\t\t\t<div class=\"elementor-column elementor-col-100 elementor-top-column elementor-element elementor-element-299c79f\" data-id=\"299c79f\" data-element_type=\"column\">\n\t\t\t<div class=\"elementor-widget-wrap\">\n\t\t\t\t\t\t\t<\/div>\n\t\t<\/div>\n\t\t\t\t\t<\/div>\n\t\t<\/section>\n\t\t\t\t<\/div>","protected":false},"excerpt":{"rendered":"<p>Nouveau pays, nouvelle langue &#8230; et toujours les m\u00eames recettes. Comment trouver ce dont vous avez besoin pour r\u00e9duire vos d\u00e9chets ? Pour vous aider dans votre quotidien, j&rsquo;ai cr\u00e9\u00e9 un glossaire de la liste de produits\/ingr\u00e9dients &#8211; traduit en anglais &#8211; que j&rsquo;utilise.\u00a0 En bonus, les liens des recettes associ\u00e9es \u00e0 votre recherche.<\/p>","protected":false},"author":2,"featured_media":0,"parent":1107,"menu_order":0,"comment_status":"closed","ping_status":"closed","template":"","meta":{"wprm-recipe-roundup-name":"","wprm-recipe-roundup-description":"","ocean_post_layout":"full-screen","ocean_both_sidebars_style":"","ocean_both_sidebars_content_width":0,"ocean_both_sidebars_sidebars_width":0,"ocean_sidebar":"0","ocean_second_sidebar":"0","ocean_disable_margins":"enable","ocean_add_body_class":"","ocean_shortcode_before_top_bar":"","ocean_shortcode_after_top_bar":"","ocean_shortcode_before_header":"","ocean_shortcode_after_header":"","ocean_has_shortcode":"","ocean_shortcode_after_title":"","ocean_shortcode_before_footer_widgets":"","ocean_shortcode_after_footer_widgets":"","ocean_shortcode_before_footer_bottom":"","ocean_shortcode_after_footer_bottom":"","ocean_display_top_bar":"default","ocean_display_header":"default","ocean_header_style":"","ocean_center_header_left_menu":"0","ocean_custom_header_template":"0","ocean_custom_logo":0,"ocean_custom_retina_logo":0,"ocean_custom_logo_max_width":0,"ocean_custom_logo_tablet_max_width":0,"ocean_custom_logo_mobile_max_width":0,"ocean_custom_logo_max_height":0,"ocean_custom_logo_tablet_max_height":0,"ocean_custom_logo_mobile_max_height":0,"ocean_header_custom_menu":"0","ocean_menu_typo_font_family":"0","ocean_menu_typo_font_subset":"","ocean_menu_typo_font_size":0,"ocean_menu_typo_font_size_tablet":0,"ocean_menu_typo_font_size_mobile":0,"ocean_menu_typo_font_size_unit":"px","ocean_menu_typo_font_weight":"","ocean_menu_typo_font_weight_tablet":"","ocean_menu_typo_font_weight_mobile":"","ocean_menu_typo_transform":"","ocean_menu_typo_transform_tablet":"","ocean_menu_typo_transform_mobile":"","ocean_menu_typo_line_height":0,"ocean_menu_typo_line_height_tablet":0,"ocean_menu_typo_line_height_mobile":0,"ocean_menu_typo_line_height_unit":"","ocean_menu_typo_spacing":0,"ocean_menu_typo_spacing_tablet":0,"ocean_menu_typo_spacing_mobile":0,"ocean_menu_typo_spacing_unit":"","ocean_menu_link_color":"","ocean_menu_link_color_hover":"","ocean_menu_link_color_active":"","ocean_menu_link_background":"","ocean_menu_link_hover_background":"","ocean_menu_link_active_background":"","ocean_menu_social_links_bg":"","ocean_menu_social_hover_links_bg":"","ocean_menu_social_links_color":"","ocean_menu_social_hover_links_color":"","ocean_disable_title":"default","ocean_disable_heading":"default","ocean_post_title":"","ocean_post_subheading":"","ocean_post_title_style":"","ocean_post_title_background_color":"","ocean_post_title_background":0,"ocean_post_title_bg_image_position":"","ocean_post_title_bg_image_attachment":"","ocean_post_title_bg_image_repeat":"","ocean_post_title_bg_image_size":"","ocean_post_title_height":0,"ocean_post_title_bg_overlay":0.5,"ocean_post_title_bg_overlay_color":"","ocean_disable_breadcrumbs":"default","ocean_breadcrumbs_color":"","ocean_breadcrumbs_separator_color":"","ocean_breadcrumbs_links_color":"","ocean_breadcrumbs_links_hover_color":"","ocean_display_footer_widgets":"default","ocean_display_footer_bottom":"default","ocean_custom_footer_template":"0","footnotes":""},"class_list":["post-1827","page","type-page","status-publish","hentry","entry"],"_links":{"self":[{"href":"https:\/\/beecofriendly.org\/en\/wp-json\/wp\/v2\/pages\/1827","targetHints":{"allow":["GET"]}}],"collection":[{"href":"https:\/\/beecofriendly.org\/en\/wp-json\/wp\/v2\/pages"}],"about":[{"href":"https:\/\/beecofriendly.org\/en\/wp-json\/wp\/v2\/types\/page"}],"author":[{"embeddable":true,"href":"https:\/\/beecofriendly.org\/en\/wp-json\/wp\/v2\/users\/2"}],"replies":[{"embeddable":true,"href":"https:\/\/beecofriendly.org\/en\/wp-json\/wp\/v2\/comments?post=1827"}],"version-history":[{"count":16,"href":"https:\/\/beecofriendly.org\/en\/wp-json\/wp\/v2\/pages\/1827\/revisions"}],"predecessor-version":[{"id":2237,"href":"https:\/\/beecofriendly.org\/en\/wp-json\/wp\/v2\/pages\/1827\/revisions\/2237"}],"up":[{"embeddable":true,"href":"https:\/\/beecofriendly.org\/en\/wp-json\/wp\/v2\/pages\/1107"}],"wp:attachment":[{"href":"https:\/\/beecofriendly.org\/en\/wp-json\/wp\/v2\/media?parent=1827"}],"curies":[{"name":"wp","href":"https:\/\/api.w.org\/{rel}","templated":true}]}}