
{"id":1103,"date":"2021-04-09T10:46:39","date_gmt":"2021-04-09T14:46:39","guid":{"rendered":"https:\/\/beecofriendly.org\/?page_id=1103"},"modified":"2021-05-18T14:15:10","modified_gmt":"2021-05-18T18:15:10","slug":"blog","status":"publish","type":"page","link":"https:\/\/beecofriendly.org\/en\/blog\/","title":{"rendered":"Blog"},"content":{"rendered":"<div data-elementor-type=\"wp-page\" data-elementor-id=\"1103\" class=\"elementor elementor-1103\">\n\t\t\t\t\t\t<section class=\"elementor-section elementor-top-section elementor-element elementor-element-50cc2e3 elementor-section-boxed elementor-section-height-default elementor-section-height-default\" data-id=\"50cc2e3\" data-element_type=\"section\">\n\t\t\t\t\t\t<div class=\"elementor-container elementor-column-gap-default\">\n\t\t\t\t\t<div class=\"elementor-column elementor-col-100 elementor-top-column elementor-element elementor-element-28691a1\" data-id=\"28691a1\" data-element_type=\"column\">\n\t\t\t<div class=\"elementor-widget-wrap elementor-element-populated\">\n\t\t\t\t\t\t<div class=\"elementor-element elementor-element-92b8a1d elementor-grid-eael-col-2 elementor-grid-tablet-eael-col-2 elementor-grid-mobile-eael-col-1 elementor-widget elementor-widget-eael-post-grid\" data-id=\"92b8a1d\" data-element_type=\"widget\" data-settings=\"{&quot;eael_post_grid_columns&quot;:&quot;eael-col-2&quot;,&quot;eael_post_grid_columns_tablet&quot;:&quot;eael-col-2&quot;,&quot;eael_post_grid_columns_mobile&quot;:&quot;eael-col-1&quot;}\" data-widget_type=\"eael-post-grid.default\">\n\t\t\t\t<div class=\"elementor-widget-container\">\n\t\t\t\t\t<div id=\"eael-post-grid-92b8a1d\" class=\"eael-post-grid-container\">\n            <div class=\"eael-post-grid eael-post-appender eael-post-appender-92b8a1d eael-post-grid-style-one\" data-layout-mode=\"masonry\"><article class=\"eael-grid-post eael-post-grid-column\" data-id=\"2497\">\n        <div class=\"eael-grid-post-holder\">\n            <div class=\"eael-grid-post-holder-inner\"><div class=\"eael-entry-media\"><div class=\"eael-entry-overlay fade-in\"><i class=\"fas fa-long-arrow-alt-right\" aria-hidden=\"true\"><\/i><a href=\"https:\/\/beecofriendly.org\/en\/lalimentation-aux-etats-unis-allier-sante-et-respect-de-lenvironnement\/\"><\/a><\/div><div class=\"eael-entry-thumbnail\">\n                <img fetchpriority=\"high\" decoding=\"async\" width=\"300\" height=\"199\" src=\"https:\/\/beecofriendly.org\/wp-content\/uploads\/2021\/07\/supermarket-949913_1920-300x199.jpg\" class=\"attachment-medium size-medium wp-image-2505\" alt=\"\" srcset=\"https:\/\/beecofriendly.org\/wp-content\/uploads\/2021\/07\/supermarket-949913_1920-300x199.jpg 300w, https:\/\/beecofriendly.org\/wp-content\/uploads\/2021\/07\/supermarket-949913_1920-1024x678.jpg 1024w, https:\/\/beecofriendly.org\/wp-content\/uploads\/2021\/07\/supermarket-949913_1920-150x99.jpg 150w, https:\/\/beecofriendly.org\/wp-content\/uploads\/2021\/07\/supermarket-949913_1920-768x508.jpg 768w, https:\/\/beecofriendly.org\/wp-content\/uploads\/2021\/07\/supermarket-949913_1920-1536x1017.jpg 1536w, https:\/\/beecofriendly.org\/wp-content\/uploads\/2021\/07\/supermarket-949913_1920-16x12.jpg 16w, https:\/\/beecofriendly.org\/wp-content\/uploads\/2021\/07\/supermarket-949913_1920.jpg 1920w\" sizes=\"(max-width: 300px) 100vw, 300px\" \/>\n            <\/div>\n        <\/div><div class=\"eael-entry-wrapper\"><header class=\"eael-entry-header\"><h2 class=\"eael-entry-title\"><a class=\"eael-grid-post-link\" href=\"https:\/\/beecofriendly.org\/en\/lalimentation-aux-etats-unis-allier-sante-et-respect-de-lenvironnement\/\" title=\"L&rsquo;alimentation aux Etats Unis : 5 conseils pour Allier sante et respect de l&rsquo;environnement\">Food in the United States: 5 tips for combining health and respect for the environment<\/a><\/h2><\/header><div class=\"eael-entry-content\">\n                        <div class=\"eael-grid-post-excerpt\"><p>Chauvinism obliges, France is often associated abroad with the kitchen. It is not uncommon for me to be asked for ...<\/p><a href=\"https:\/\/beecofriendly.org\/en\/lalimentation-aux-etats-unis-allier-sante-et-respect-de-lenvironnement\/\" class=\"eael-post-elements-readmore-btn\">Read more<\/a><\/div>\n                    <\/div><\/div><\/div>\n        <\/div>\n    <\/article><article class=\"eael-grid-post eael-post-grid-column\" data-id=\"2366\">\n        <div class=\"eael-grid-post-holder\">\n            <div class=\"eael-grid-post-holder-inner\"><div class=\"eael-entry-media\"><div class=\"eael-entry-overlay fade-in\"><i class=\"fas fa-long-arrow-alt-right\" aria-hidden=\"true\"><\/i><a href=\"https:\/\/beecofriendly.org\/en\/la-covid-19-a-eu-raison-de-mes-bonnes-resolutions-ecologiques\/\"><\/a><\/div><div class=\"eael-entry-thumbnail\">\n                <img decoding=\"async\" width=\"300\" height=\"201\" src=\"https:\/\/beecofriendly.org\/wp-content\/uploads\/2021\/05\/Miroslava-Chrienova-300x201.jpg\" class=\"attachment-medium size-medium wp-image-2369\" alt=\"\" srcset=\"https:\/\/beecofriendly.org\/wp-content\/uploads\/2021\/05\/Miroslava-Chrienova-300x201.jpg 300w, https:\/\/beecofriendly.org\/wp-content\/uploads\/2021\/05\/Miroslava-Chrienova-1024x685.jpg 1024w, https:\/\/beecofriendly.org\/wp-content\/uploads\/2021\/05\/Miroslava-Chrienova-150x100.jpg 150w, https:\/\/beecofriendly.org\/wp-content\/uploads\/2021\/05\/Miroslava-Chrienova-768x514.jpg 768w, https:\/\/beecofriendly.org\/wp-content\/uploads\/2021\/05\/Miroslava-Chrienova-1536x1027.jpg 1536w, https:\/\/beecofriendly.org\/wp-content\/uploads\/2021\/05\/Miroslava-Chrienova-16x12.jpg 16w, https:\/\/beecofriendly.org\/wp-content\/uploads\/2021\/05\/Miroslava-Chrienova.jpg 1920w\" sizes=\"(max-width: 300px) 100vw, 300px\" \/>\n            <\/div>\n        <\/div><div class=\"eael-entry-wrapper\"><header class=\"eael-entry-header\"><h2 class=\"eael-entry-title\"><a class=\"eael-grid-post-link\" href=\"https:\/\/beecofriendly.org\/en\/la-covid-19-a-eu-raison-de-mes-bonnes-resolutions-ecologiques\/\" title=\"Covid-19 got the better of my good ecological resolutions\">Covid-19 got the better of my good ecological resolutions<\/a><\/h2><\/header><div class=\"eael-entry-content\">\n                        <div class=\"eael-grid-post-excerpt\"><p>News obliges, I cannot miss an article talking about the pandemic and my zero approach ...<\/p><a href=\"https:\/\/beecofriendly.org\/en\/la-covid-19-a-eu-raison-de-mes-bonnes-resolutions-ecologiques\/\" class=\"eael-post-elements-readmore-btn\">Read more<\/a><\/div>\n                    <\/div><\/div><\/div>\n        <\/div>\n    <\/article><article class=\"eael-grid-post eael-post-grid-column\" data-id=\"2169\">\n        <div class=\"eael-grid-post-holder\">\n            <div class=\"eael-grid-post-holder-inner\"><div class=\"eael-entry-media\"><div class=\"eael-entry-overlay fade-in\"><i class=\"fas fa-long-arrow-alt-right\" aria-hidden=\"true\"><\/i><a href=\"https:\/\/beecofriendly.org\/en\/jai-accouche-aux-etats-unis\/\"><\/a><\/div><div class=\"eael-entry-thumbnail\">\n                <img decoding=\"async\" width=\"300\" height=\"200\" src=\"https:\/\/beecofriendly.org\/wp-content\/uploads\/2021\/05\/foot-1322428_1920-300x200.jpg\" class=\"attachment-medium size-medium wp-image-2171\" alt=\"\" srcset=\"https:\/\/beecofriendly.org\/wp-content\/uploads\/2021\/05\/foot-1322428_1920-300x200.jpg 300w, https:\/\/beecofriendly.org\/wp-content\/uploads\/2021\/05\/foot-1322428_1920-1024x683.jpg 1024w, https:\/\/beecofriendly.org\/wp-content\/uploads\/2021\/05\/foot-1322428_1920-150x100.jpg 150w, https:\/\/beecofriendly.org\/wp-content\/uploads\/2021\/05\/foot-1322428_1920-768x512.jpg 768w, https:\/\/beecofriendly.org\/wp-content\/uploads\/2021\/05\/foot-1322428_1920-1536x1024.jpg 1536w, https:\/\/beecofriendly.org\/wp-content\/uploads\/2021\/05\/foot-1322428_1920-16x12.jpg 16w, https:\/\/beecofriendly.org\/wp-content\/uploads\/2021\/05\/foot-1322428_1920.jpg 1920w\" sizes=\"(max-width: 300px) 100vw, 300px\" \/>\n            <\/div>\n        <\/div><div class=\"eael-entry-wrapper\"><header class=\"eael-entry-header\"><h2 class=\"eael-entry-title\"><a class=\"eael-grid-post-link\" href=\"https:\/\/beecofriendly.org\/en\/jai-accouche-aux-etats-unis\/\" title=\"I gave birth in the United States!\">I gave birth in the United States!<\/a><\/h2><\/header><div class=\"eael-entry-content\">\n                        <div class=\"eael-grid-post-excerpt\"><p>A childbirth is a happy event that is being prepared so that everything goes as well as possible. We leave our references ...<\/p><a href=\"https:\/\/beecofriendly.org\/en\/jai-accouche-aux-etats-unis\/\" class=\"eael-post-elements-readmore-btn\">Read more<\/a><\/div>\n                    <\/div><\/div><\/div>\n        <\/div>\n    <\/article><article class=\"eael-grid-post eael-post-grid-column\" data-id=\"1661\">\n        <div class=\"eael-grid-post-holder\">\n            <div class=\"eael-grid-post-holder-inner\"><div class=\"eael-entry-media\"><div class=\"eael-entry-overlay fade-in\"><i class=\"fas fa-long-arrow-alt-right\" aria-hidden=\"true\"><\/i><a href=\"https:\/\/beecofriendly.org\/en\/je-suis-imparfaite-mais-je-fais-ma-part-2\/\"><\/a><\/div><div class=\"eael-entry-thumbnail\">\n                <img loading=\"lazy\" decoding=\"async\" width=\"300\" height=\"251\" src=\"https:\/\/beecofriendly.org\/wp-content\/uploads\/2021\/04\/titre-300x251.png\" class=\"attachment-medium size-medium wp-image-1664\" alt=\"\" \/>\n            <\/div>\n        <\/div><div class=\"eael-entry-wrapper\"><header class=\"eael-entry-header\"><h2 class=\"eael-entry-title\"><a class=\"eael-grid-post-link\" href=\"https:\/\/beecofriendly.org\/en\/je-suis-imparfaite-mais-je-fais-ma-part-2\/\" title=\"I am imperfect but I am doing my part.\">I am imperfect but I am doing my part.<\/a><\/h2><\/header><div class=\"eael-entry-content\">\n                        <div class=\"eael-grid-post-excerpt\"><p>A personal project begins with knowing your limits and accepting that we are not capable of doing everything.<\/p><a href=\"https:\/\/beecofriendly.org\/en\/je-suis-imparfaite-mais-je-fais-ma-part-2\/\" class=\"eael-post-elements-readmore-btn\">Read more<\/a><\/div>\n                    <\/div><\/div><\/div>\n        <\/div>\n    <\/article><\/div>\n            <div class=\"clearfix\"><\/div>\n        <\/div>\t\t\t\t<\/div>\n\t\t\t\t<\/div>\n\t\t\t\t\t<\/div>\n\t\t<\/div>\n\t\t\t\t\t<\/div>\n\t\t<\/section>\n\t\t\t\t<\/div>","protected":false},"excerpt":{"rendered":"<p>La covid-19 a eu raison de mes bonnes r\u00e9solutions \u00e9cologiques Actualit\u00e9 oblige, je ne peux pas passer \u00e0 c\u00f4t\u00e9 d&rsquo;un article parlant de la pand\u00e9mie et de ma d\u00e9marche z\u00e9ro&#8230; Lire plus J\u2019ai accouch\u00e9 aux Etats-Unis ! Un accouchement est un heureux \u00e9v\u00e8nement qui se pr\u00e9pare pour que tout se d\u00e9roule au mieux. On laisse [&hellip;]<\/p>","protected":false},"author":2,"featured_media":1298,"parent":0,"menu_order":0,"comment_status":"closed","ping_status":"closed","template":"","meta":{"wprm-recipe-roundup-name":"","wprm-recipe-roundup-description":"","ocean_post_layout":"right-sidebar","ocean_both_sidebars_style":"","ocean_both_sidebars_content_width":0,"ocean_both_sidebars_sidebars_width":0,"ocean_sidebar":"0","ocean_second_sidebar":"0","ocean_disable_margins":"enable","ocean_add_body_class":"","ocean_shortcode_before_top_bar":"","ocean_shortcode_after_top_bar":"","ocean_shortcode_before_header":"","ocean_shortcode_after_header":"","ocean_has_shortcode":"","ocean_shortcode_after_title":"","ocean_shortcode_before_footer_widgets":"","ocean_shortcode_after_footer_widgets":"","ocean_shortcode_before_footer_bottom":"","ocean_shortcode_after_footer_bottom":"","ocean_display_top_bar":"default","ocean_display_header":"default","ocean_header_style":"","ocean_center_header_left_menu":"0","ocean_custom_header_template":"0","ocean_custom_logo":0,"ocean_custom_retina_logo":0,"ocean_custom_logo_max_width":0,"ocean_custom_logo_tablet_max_width":0,"ocean_custom_logo_mobile_max_width":0,"ocean_custom_logo_max_height":0,"ocean_custom_logo_tablet_max_height":0,"ocean_custom_logo_mobile_max_height":0,"ocean_header_custom_menu":"0","ocean_menu_typo_font_family":"0","ocean_menu_typo_font_subset":"","ocean_menu_typo_font_size":0,"ocean_menu_typo_font_size_tablet":0,"ocean_menu_typo_font_size_mobile":0,"ocean_menu_typo_font_size_unit":"px","ocean_menu_typo_font_weight":"","ocean_menu_typo_font_weight_tablet":"","ocean_menu_typo_font_weight_mobile":"","ocean_menu_typo_transform":"","ocean_menu_typo_transform_tablet":"","ocean_menu_typo_transform_mobile":"","ocean_menu_typo_line_height":0,"ocean_menu_typo_line_height_tablet":0,"ocean_menu_typo_line_height_mobile":0,"ocean_menu_typo_line_height_unit":"","ocean_menu_typo_spacing":0,"ocean_menu_typo_spacing_tablet":0,"ocean_menu_typo_spacing_mobile":0,"ocean_menu_typo_spacing_unit":"","ocean_menu_link_color":"","ocean_menu_link_color_hover":"","ocean_menu_link_color_active":"","ocean_menu_link_background":"","ocean_menu_link_hover_background":"","ocean_menu_link_active_background":"","ocean_menu_social_links_bg":"","ocean_menu_social_hover_links_bg":"","ocean_menu_social_links_color":"","ocean_menu_social_hover_links_color":"","ocean_disable_title":"default","ocean_disable_heading":"default","ocean_post_title":"Mon eco-aventure","ocean_post_subheading":"Des initiatives \u00e9co-responsables et mes exp\u00e9riences dans un nouveau pays, venez d\u00e9couvrir le journal de mes aventures !","ocean_post_title_style":"centered","ocean_post_title_background_color":"","ocean_post_title_background":1298,"ocean_post_title_bg_image_position":"center center","ocean_post_title_bg_image_attachment":"fixed","ocean_post_title_bg_image_repeat":"","ocean_post_title_bg_image_size":"cover","ocean_post_title_height":0,"ocean_post_title_bg_overlay":0.1,"ocean_post_title_bg_overlay_color":"","ocean_disable_breadcrumbs":"off","ocean_breadcrumbs_color":"","ocean_breadcrumbs_separator_color":"","ocean_breadcrumbs_links_color":"","ocean_breadcrumbs_links_hover_color":"","ocean_display_footer_widgets":"default","ocean_display_footer_bottom":"default","ocean_custom_footer_template":"1570","footnotes":""},"class_list":["post-1103","page","type-page","status-publish","has-post-thumbnail","hentry","entry","has-media"],"_links":{"self":[{"href":"https:\/\/beecofriendly.org\/en\/wp-json\/wp\/v2\/pages\/1103","targetHints":{"allow":["GET"]}}],"collection":[{"href":"https:\/\/beecofriendly.org\/en\/wp-json\/wp\/v2\/pages"}],"about":[{"href":"https:\/\/beecofriendly.org\/en\/wp-json\/wp\/v2\/types\/page"}],"author":[{"embeddable":true,"href":"https:\/\/beecofriendly.org\/en\/wp-json\/wp\/v2\/users\/2"}],"replies":[{"embeddable":true,"href":"https:\/\/beecofriendly.org\/en\/wp-json\/wp\/v2\/comments?post=1103"}],"version-history":[{"count":40,"href":"https:\/\/beecofriendly.org\/en\/wp-json\/wp\/v2\/pages\/1103\/revisions"}],"predecessor-version":[{"id":2391,"href":"https:\/\/beecofriendly.org\/en\/wp-json\/wp\/v2\/pages\/1103\/revisions\/2391"}],"wp:featuredmedia":[{"embeddable":true,"href":"https:\/\/beecofriendly.org\/en\/wp-json\/wp\/v2\/media\/1298"}],"wp:attachment":[{"href":"https:\/\/beecofriendly.org\/en\/wp-json\/wp\/v2\/media?parent=1103"}],"curies":[{"name":"wp","href":"https:\/\/api.w.org\/{rel}","templated":true}]}}