
{"id":1099,"date":"2021-04-09T10:45:17","date_gmt":"2021-04-09T14:45:17","guid":{"rendered":"https:\/\/beecofriendly.org\/?page_id=1099"},"modified":"2021-04-19T17:27:53","modified_gmt":"2021-04-19T21:27:53","slug":"about","status":"publish","type":"page","link":"https:\/\/beecofriendly.org\/en\/about\/","title":{"rendered":"About"},"content":{"rendered":"<div data-elementor-type=\"wp-page\" data-elementor-id=\"1099\" class=\"elementor elementor-1099\">\n\t\t\t\t\t\t<section class=\"elementor-section elementor-top-section elementor-element elementor-element-1b0b806 elementor-section-boxed elementor-section-height-default elementor-section-height-default\" data-id=\"1b0b806\" data-element_type=\"section\">\n\t\t\t\t\t\t<div class=\"elementor-container elementor-column-gap-default\">\n\t\t\t\t\t<div class=\"elementor-column elementor-col-100 elementor-top-column elementor-element elementor-element-2e79d34\" data-id=\"2e79d34\" data-element_type=\"column\">\n\t\t\t<div class=\"elementor-widget-wrap elementor-element-populated\">\n\t\t\t\t\t\t<div class=\"elementor-element elementor-element-997a455 elementor-widget elementor-widget-heading\" data-id=\"997a455\" data-element_type=\"widget\" data-widget_type=\"heading.default\">\n\t\t\t\t<div class=\"elementor-widget-container\">\n\t\t\t\t\t<h1 class=\"elementor-heading-title elementor-size-default\">A hummingbird in the USA<\/h1>\t\t\t\t<\/div>\n\t\t\t\t<\/div>\n\t\t\t\t\t<\/div>\n\t\t<\/div>\n\t\t\t\t\t<\/div>\n\t\t<\/section>\n\t\t\t\t<section class=\"elementor-section elementor-top-section elementor-element elementor-element-00ed556 elementor-section-boxed elementor-section-height-default elementor-section-height-default\" data-id=\"00ed556\" data-element_type=\"section\">\n\t\t\t\t\t\t<div class=\"elementor-container elementor-column-gap-default\">\n\t\t\t\t\t<div class=\"elementor-column elementor-col-100 elementor-top-column elementor-element elementor-element-30b19d5\" data-id=\"30b19d5\" data-element_type=\"column\">\n\t\t\t<div class=\"elementor-widget-wrap elementor-element-populated\">\n\t\t\t\t\t\t<div class=\"elementor-element elementor-element-a67f146 elementor-widget elementor-widget-text-editor\" data-id=\"a67f146\" data-element_type=\"widget\" data-widget_type=\"text-editor.default\">\n\t\t\t\t<div class=\"elementor-widget-container\">\n\t\t\t\t\t\t\t\t\t<p>The story of a French woman expatriate who navigates in a new country to keep her sustainable and eco-friendly life. <span style=\"font-weight: 400;\">expatri\u00e9e <\/span>qui tente de pr\u00e9server son mode de vie durable et respectueux de l&rsquo;environnement.<\/p>\t\t\t\t\t\t\t\t<\/div>\n\t\t\t\t<\/div>\n\t\t\t\t\t<\/div>\n\t\t<\/div>\n\t\t\t\t\t<\/div>\n\t\t<\/section>\n\t\t\t\t<section class=\"elementor-section elementor-top-section elementor-element elementor-element-ad57fd3 elementor-section-boxed elementor-section-height-default elementor-section-height-default\" data-id=\"ad57fd3\" data-element_type=\"section\">\n\t\t\t\t\t\t<div class=\"elementor-container elementor-column-gap-default\">\n\t\t\t\t\t<div class=\"elementor-column elementor-col-100 elementor-top-column elementor-element elementor-element-508f919\" data-id=\"508f919\" data-element_type=\"column\">\n\t\t\t<div class=\"elementor-widget-wrap elementor-element-populated\">\n\t\t\t\t\t\t<div class=\"elementor-element elementor-element-d27b245 elementor-widget elementor-widget-text-editor\" data-id=\"d27b245\" data-element_type=\"widget\" data-widget_type=\"text-editor.default\">\n\t\t\t\t<div class=\"elementor-widget-container\">\n\t\t\t\t\t\t\t\t\t<p><span style=\"font-weight: 400;\">My name is Delphine and in 2013, I left France to live in the United States. Goodbye Paris extravaganza, welcome New York hugeness.  After my first visit to NYC, I swore to never come back to this city so densely, so noisy\u2026 so far removed from my vacation landscapes ; more natural.<\/span><\/p><p><span style=\"font-weight: 400;\">My parents taught me to live with nature from a young age. I spent my weekends in the woods picking mushrooms, running in the meadow, jumping with my rainy boots in the rivers, observing the flora and fauna.\u00a0<\/span><\/p><p><span style=\"font-weight: 400;\">I was affected early on by the damage caused by humans ... I still remember the campaign to reduce the hole in the ozone layer.  First warning that human life is fragile if we do not take care of our Planet.\u00a0<\/span><\/p><p><span style=\"font-weight: 400;\">So affected that I have dedicated my personal but also professional life to the environmental cause.  After having studied biology and obtained a Master degree in environmental management, I collaborated to implement and deploy renewable energy for a public landlord. I already know I am lucky to have been able to work for a cause that was close to my heart.<\/span><\/p><p><span style=\"font-weight: 400;\">And one day, it was a turn of fate that sent you far from a life that looked perfect to you. Hard to leave behind family, friends, your native country \u2026 references ... We must learn to live through a culture that is close but not that much.\u00a0<\/span><\/p><p><span style=\"font-weight: 400;\">Years later, no regrets. I am the mother of two beautiful daughters and I continue to do my part to preserve our environment.  I encountered some difficulties but life is made of beautiful surprises.<\/span><\/p><p><span style=\"font-weight: 400;\">With this blog, I want to share my observations, my favorites, my tips, to help you, like me, in your ecological expatriation.<\/span><\/p><p><span style=\"font-weight: 400;\">Bienvenue and follow me on my \"eco-friendly\" adventure.<\/span><\/p>\t\t\t\t\t\t\t\t<\/div>\n\t\t\t\t<\/div>\n\t\t\t\t\t<\/div>\n\t\t<\/div>\n\t\t\t\t\t<\/div>\n\t\t<\/section>\n\t\t\t\t<\/div>","protected":false},"excerpt":{"rendered":"<p>Un colibri aux USA L&rsquo;histoire d&rsquo;une francaise expatri\u00e9e qui tente de pr\u00e9server son mode de vie durable et respectueux de l&rsquo;environnement. Je m\u2019appelle Delphine et j&rsquo;ai quitt\u00e9 la France en 2013 pour vivre aux Etats-Unis. Adieu la folie parisienne, welcome l&rsquo;immensit\u00e9 new yorkaise.\u00a0 Apr\u00e8s ma premi\u00e8re visite de NYC, je m&rsquo;\u00e9tais pourtant jur\u00e9e de ne [&hellip;]<\/p>","protected":false},"author":2,"featured_media":0,"parent":0,"menu_order":0,"comment_status":"closed","ping_status":"closed","template":"","meta":{"wprm-recipe-roundup-name":"","wprm-recipe-roundup-description":"","ocean_post_layout":"full-width","ocean_both_sidebars_style":"","ocean_both_sidebars_content_width":0,"ocean_both_sidebars_sidebars_width":0,"ocean_sidebar":"0","ocean_second_sidebar":"0","ocean_disable_margins":"enable","ocean_add_body_class":"","ocean_shortcode_before_top_bar":"","ocean_shortcode_after_top_bar":"","ocean_shortcode_before_header":"","ocean_shortcode_after_header":"","ocean_has_shortcode":"","ocean_shortcode_after_title":"","ocean_shortcode_before_footer_widgets":"","ocean_shortcode_after_footer_widgets":"","ocean_shortcode_before_footer_bottom":"","ocean_shortcode_after_footer_bottom":"","ocean_display_top_bar":"default","ocean_display_header":"default","ocean_header_style":"minimal","ocean_center_header_left_menu":"0","ocean_custom_header_template":"0","ocean_custom_logo":0,"ocean_custom_retina_logo":0,"ocean_custom_logo_max_width":0,"ocean_custom_logo_tablet_max_width":0,"ocean_custom_logo_mobile_max_width":0,"ocean_custom_logo_max_height":0,"ocean_custom_logo_tablet_max_height":0,"ocean_custom_logo_mobile_max_height":0,"ocean_header_custom_menu":"0","ocean_menu_typo_font_family":"0","ocean_menu_typo_font_subset":"","ocean_menu_typo_font_size":0,"ocean_menu_typo_font_size_tablet":0,"ocean_menu_typo_font_size_mobile":0,"ocean_menu_typo_font_size_unit":"px","ocean_menu_typo_font_weight":"","ocean_menu_typo_font_weight_tablet":"","ocean_menu_typo_font_weight_mobile":"","ocean_menu_typo_transform":"","ocean_menu_typo_transform_tablet":"","ocean_menu_typo_transform_mobile":"","ocean_menu_typo_line_height":0,"ocean_menu_typo_line_height_tablet":0,"ocean_menu_typo_line_height_mobile":0,"ocean_menu_typo_line_height_unit":"","ocean_menu_typo_spacing":0,"ocean_menu_typo_spacing_tablet":0,"ocean_menu_typo_spacing_mobile":0,"ocean_menu_typo_spacing_unit":"","ocean_menu_link_color":"","ocean_menu_link_color_hover":"","ocean_menu_link_color_active":"","ocean_menu_link_background":"","ocean_menu_link_hover_background":"","ocean_menu_link_active_background":"","ocean_menu_social_links_bg":"","ocean_menu_social_hover_links_bg":"","ocean_menu_social_links_color":"","ocean_menu_social_hover_links_color":"","ocean_disable_title":"default","ocean_disable_heading":"default","ocean_post_title":"My Story","ocean_post_subheading":"","ocean_post_title_style":"background-image","ocean_post_title_background_color":"","ocean_post_title_background":202,"ocean_post_title_bg_image_position":"bottom center","ocean_post_title_bg_image_attachment":"","ocean_post_title_bg_image_repeat":"","ocean_post_title_bg_image_size":"cover","ocean_post_title_height":0,"ocean_post_title_bg_overlay":0.1,"ocean_post_title_bg_overlay_color":"","ocean_disable_breadcrumbs":"off","ocean_breadcrumbs_color":"","ocean_breadcrumbs_separator_color":"","ocean_breadcrumbs_links_color":"","ocean_breadcrumbs_links_hover_color":"","ocean_display_footer_widgets":"default","ocean_display_footer_bottom":"default","ocean_custom_footer_template":"1570","footnotes":""},"class_list":["post-1099","page","type-page","status-publish","hentry","entry"],"_links":{"self":[{"href":"https:\/\/beecofriendly.org\/en\/wp-json\/wp\/v2\/pages\/1099","targetHints":{"allow":["GET"]}}],"collection":[{"href":"https:\/\/beecofriendly.org\/en\/wp-json\/wp\/v2\/pages"}],"about":[{"href":"https:\/\/beecofriendly.org\/en\/wp-json\/wp\/v2\/types\/page"}],"author":[{"embeddable":true,"href":"https:\/\/beecofriendly.org\/en\/wp-json\/wp\/v2\/users\/2"}],"replies":[{"embeddable":true,"href":"https:\/\/beecofriendly.org\/en\/wp-json\/wp\/v2\/comments?post=1099"}],"version-history":[{"count":27,"href":"https:\/\/beecofriendly.org\/en\/wp-json\/wp\/v2\/pages\/1099\/revisions"}],"predecessor-version":[{"id":1924,"href":"https:\/\/beecofriendly.org\/en\/wp-json\/wp\/v2\/pages\/1099\/revisions\/1924"}],"wp:attachment":[{"href":"https:\/\/beecofriendly.org\/en\/wp-json\/wp\/v2\/media?parent=1099"}],"curies":[{"name":"wp","href":"https:\/\/api.w.org\/{rel}","templated":true}]}}